{"id":9882,"date":"2025-11-27T09:55:13","date_gmt":"2025-11-27T09:55:13","guid":{"rendered":"https:\/\/www.filedoc.com\/gestao-da-qualidade\/"},"modified":"2025-11-27T10:02:51","modified_gmt":"2025-11-27T10:02:51","slug":"managementul-calitatii","status":"publish","type":"page","link":"https:\/\/www.filedoc.com\/ro\/managementul-calitatii\/","title":{"rendered":"Managementul Calit\u0103\u021bii"},"content":{"rendered":"<p>Modulul de Management al Calit\u0103\u021bii din Filedoc permite implementarea, men\u021binerea \u0219i \u00eembun\u0103t\u0103\u021birea sistemelor de calitate aliniate la standardul ISO 9001, asigur\u00e2nd c\u0103 toate politicile, procedurile \u0219i instruc\u021biunile de lucru sunt controlate \u00eentr-un mod riguros, auditabil \u0219i complet digital.<\/p>\n","protected":false},"excerpt":{"rendered":"<p>Modulul de Management al Calit\u0103\u021bii din Filedoc permite implementarea, men\u021binerea \u0219i \u00eembun\u0103t\u0103\u021birea sistemelor de calitate aliniate la standardul ISO 9001, asigur\u00e2nd c\u0103 toate politicile, procedurile \u0219i instruc\u021biunile de lucru sunt controlate \u00eentr-un mod riguros, auditabil \u0219i complet digital.<\/p>\n","protected":false},"author":7,"featured_media":5321,"parent":0,"menu_order":0,"comment_status":"closed","ping_status":"closed","template":"","meta":{"_acf_changed":false,"footnotes":""},"class_list":["post-9882","page","type-page","status-publish","has-post-thumbnail","hentry"],"acf":[],"aioseo_notices":[],"_links":{"self":[{"href":"https:\/\/www.filedoc.com\/ro\/wp-json\/wp\/v2\/pages\/9882","targetHints":{"allow":["GET"]}}],"collection":[{"href":"https:\/\/www.filedoc.com\/ro\/wp-json\/wp\/v2\/pages"}],"about":[{"href":"https:\/\/www.filedoc.com\/ro\/wp-json\/wp\/v2\/types\/page"}],"author":[{"embeddable":true,"href":"https:\/\/www.filedoc.com\/ro\/wp-json\/wp\/v2\/users\/7"}],"replies":[{"embeddable":true,"href":"https:\/\/www.filedoc.com\/ro\/wp-json\/wp\/v2\/comments?post=9882"}],"version-history":[{"count":2,"href":"https:\/\/www.filedoc.com\/ro\/wp-json\/wp\/v2\/pages\/9882\/revisions"}],"predecessor-version":[{"id":9895,"href":"https:\/\/www.filedoc.com\/ro\/wp-json\/wp\/v2\/pages\/9882\/revisions\/9895"}],"wp:featuredmedia":[{"embeddable":true,"href":"https:\/\/www.filedoc.com\/ro\/wp-json\/wp\/v2\/media\/5321"}],"wp:attachment":[{"href":"https:\/\/www.filedoc.com\/ro\/wp-json\/wp\/v2\/media?parent=9882"}],"curies":[{"name":"wp","href":"https:\/\/api.w.org\/{rel}","templated":true}]}}