{"id":7843,"date":"2024-10-11T16:16:28","date_gmt":"2024-10-11T15:16:28","guid":{"rendered":"https:\/\/www.filedoc.com\/?page_id=7843"},"modified":"2025-10-10T12:34:14","modified_gmt":"2025-10-10T11:34:14","slug":"mari-intreprinderi","status":"publish","type":"page","link":"https:\/\/www.filedoc.com\/ro\/solutii\/mari-intreprinderi\/","title":{"rendered":"Mari \u00centreprinderi"},"content":{"rendered":"<p>Filedoc este un software de gestionare a documentelor \u0219i a fluxurilor de lucru utilizat \u00een diverse companii de mari dimensiuni.<br \/>\nCu Filedoc, ob\u021bii un instrument puternic at\u00e2t pentru gestionarea documentelor, c\u00e2t \u0219i pentru automatizarea proceselor, asigur\u00e2ndu-te c\u0103 informa\u021biile circul\u0103 f\u0103r\u0103 efort \u00een \u00eentreaga ta organiza\u021bie, elimin\u00e2nd riscurile de securitate, informa\u021biile lips\u0103, documentele pierdute \u0219i sarcinile manuale repetitive.<br \/>\nFluxurile de lucru ajut\u0103 organiza\u021biile s\u0103 gestioneze documentele \u0219i ofer\u0103 directive clare cu privire la finalizarea unei sarcini \u00een cadrul ciclului de via\u021b\u0103 al gestion\u0103rii documentelor.<\/p>\n","protected":false},"excerpt":{"rendered":"<p>Filedoc este un software de gestionare a documentelor \u0219i a fluxurilor de lucru utilizat \u00een diverse companii de mari dimensiuni. Cu Filedoc, ob\u021bii un instrument puternic at\u00e2t pentru gestionarea documentelor, c\u00e2t \u0219i pentru automatizarea proceselor, asigur\u00e2ndu-te c\u0103 informa\u021biile circul\u0103 f\u0103r\u0103 efort \u00een \u00eentreaga ta organiza\u021bie, elimin\u00e2nd riscurile de securitate, informa\u021biile lips\u0103, documentele pierdute \u0219i sarcinile [&hellip;]<\/p>\n","protected":false},"author":2,"featured_media":5263,"parent":5573,"menu_order":0,"comment_status":"closed","ping_status":"closed","template":"","meta":{"_acf_changed":false,"footnotes":""},"class_list":["post-7843","page","type-page","status-publish","has-post-thumbnail","hentry"],"acf":[],"aioseo_notices":[],"_links":{"self":[{"href":"https:\/\/www.filedoc.com\/ro\/wp-json\/wp\/v2\/pages\/7843","targetHints":{"allow":["GET"]}}],"collection":[{"href":"https:\/\/www.filedoc.com\/ro\/wp-json\/wp\/v2\/pages"}],"about":[{"href":"https:\/\/www.filedoc.com\/ro\/wp-json\/wp\/v2\/types\/page"}],"author":[{"embeddable":true,"href":"https:\/\/www.filedoc.com\/ro\/wp-json\/wp\/v2\/users\/2"}],"replies":[{"embeddable":true,"href":"https:\/\/www.filedoc.com\/ro\/wp-json\/wp\/v2\/comments?post=7843"}],"version-history":[{"count":3,"href":"https:\/\/www.filedoc.com\/ro\/wp-json\/wp\/v2\/pages\/7843\/revisions"}],"predecessor-version":[{"id":8964,"href":"https:\/\/www.filedoc.com\/ro\/wp-json\/wp\/v2\/pages\/7843\/revisions\/8964"}],"up":[{"embeddable":true,"href":"https:\/\/www.filedoc.com\/ro\/wp-json\/wp\/v2\/pages\/5573"}],"wp:featuredmedia":[{"embeddable":true,"href":"https:\/\/www.filedoc.com\/ro\/wp-json\/wp\/v2\/media\/5263"}],"wp:attachment":[{"href":"https:\/\/www.filedoc.com\/ro\/wp-json\/wp\/v2\/media?parent=7843"}],"curies":[{"name":"wp","href":"https:\/\/api.w.org\/{rel}","templated":true}]}}