{"id":7811,"date":"2024-10-11T15:20:28","date_gmt":"2024-10-11T14:20:28","guid":{"rendered":"https:\/\/www.filedoc.com\/?page_id=7811"},"modified":"2025-10-10T14:22:06","modified_gmt":"2025-10-10T13:22:06","slug":"maturitatea-organizatiilor","status":"publish","type":"page","link":"https:\/\/www.filedoc.com\/ro\/resurse\/maturitatea-organizatiilor\/","title":{"rendered":"Maturitatea organiza\u021biilor"},"content":{"rendered":"<p>Maturitatea organiza\u021biilor \u00een dematerializarea proceselor se refer\u0103 la nivelul de adoptare \u0219i integrare a solu\u021biilor digitale care elimin\u0103 utilizarea h\u00e2rtiei \u0219i fac procesele mai rapide, mai eficiente \u0219i mai transparente. Dematerializarea implic\u0103 transformarea proceselor tradi\u021bionale, bazate pe h\u00e2rtie, \u00een formate digitale, ceea ce necesit\u0103 implementarea unor tehnologii precum digitalizarea documentelor, automatizarea fluxurilor de lucru \u0219i utilizarea semn\u0103turilor digitale.<\/p>\n","protected":false},"excerpt":{"rendered":"<p>Maturitatea organiza\u021biilor \u00een dematerializarea proceselor se refer\u0103 la nivelul de adoptare \u0219i integrare a solu\u021biilor digitale care elimin\u0103 utilizarea h\u00e2rtiei \u0219i fac procesele mai rapide, mai eficiente \u0219i mai transparente. Dematerializarea implic\u0103 transformarea proceselor tradi\u021bionale, bazate pe h\u00e2rtie, \u00een formate digitale, ceea ce necesit\u0103 implementarea unor tehnologii precum digitalizarea documentelor, automatizarea fluxurilor de lucru \u0219i [&hellip;]<\/p>\n","protected":false},"author":2,"featured_media":5287,"parent":7814,"menu_order":0,"comment_status":"closed","ping_status":"closed","template":"","meta":{"_acf_changed":false,"footnotes":""},"class_list":["post-7811","page","type-page","status-publish","has-post-thumbnail","hentry"],"acf":[],"aioseo_notices":[],"_links":{"self":[{"href":"https:\/\/www.filedoc.com\/ro\/wp-json\/wp\/v2\/pages\/7811","targetHints":{"allow":["GET"]}}],"collection":[{"href":"https:\/\/www.filedoc.com\/ro\/wp-json\/wp\/v2\/pages"}],"about":[{"href":"https:\/\/www.filedoc.com\/ro\/wp-json\/wp\/v2\/types\/page"}],"author":[{"embeddable":true,"href":"https:\/\/www.filedoc.com\/ro\/wp-json\/wp\/v2\/users\/2"}],"replies":[{"embeddable":true,"href":"https:\/\/www.filedoc.com\/ro\/wp-json\/wp\/v2\/comments?post=7811"}],"version-history":[{"count":6,"href":"https:\/\/www.filedoc.com\/ro\/wp-json\/wp\/v2\/pages\/7811\/revisions"}],"predecessor-version":[{"id":8980,"href":"https:\/\/www.filedoc.com\/ro\/wp-json\/wp\/v2\/pages\/7811\/revisions\/8980"}],"up":[{"embeddable":true,"href":"https:\/\/www.filedoc.com\/ro\/wp-json\/wp\/v2\/pages\/7814"}],"wp:featuredmedia":[{"embeddable":true,"href":"https:\/\/www.filedoc.com\/ro\/wp-json\/wp\/v2\/media\/5287"}],"wp:attachment":[{"href":"https:\/\/www.filedoc.com\/ro\/wp-json\/wp\/v2\/media?parent=7811"}],"curies":[{"name":"wp","href":"https:\/\/api.w.org\/{rel}","templated":true}]}}