{"id":5769,"date":"2021-07-30T13:07:52","date_gmt":"2021-07-30T12:07:52","guid":{"rendered":"https:\/\/www.filedoc.com\/contactos\/"},"modified":"2025-10-10T14:55:55","modified_gmt":"2025-10-10T13:55:55","slug":"contacte","status":"publish","type":"page","link":"https:\/\/www.filedoc.com\/ro\/contacte\/","title":{"rendered":"Contacte"},"content":{"rendered":"<p>Ai \u00eentreb\u0103ri sau vrei s\u0103 afli mai multe detalii? Suntem aici s\u0103 te ajut\u0103m. Filedoc este prezent \u00een c\u00e2teva \u021b\u0103ri. Pentru a afla datele de contact ale partenerilor no\u0219tri din ora\u0219ul t\u0103u sau pentru mai multe detalii, v\u0103 rug\u0103m contacta\u021bi-ne.<\/p>\n","protected":false},"excerpt":{"rendered":"<p>Ai \u00eentreb\u0103ri sau vrei s\u0103 afli mai multe detalii? Suntem aici s\u0103 te ajut\u0103m. Filedoc este prezent \u00een c\u00e2teva \u021b\u0103ri. Pentru a afla datele de contact ale partenerilor no\u0219tri din ora\u0219ul t\u0103u sau pentru mai multe detalii, v\u0103 rug\u0103m contacta\u021bi-ne.<\/p>\n","protected":false},"author":2,"featured_media":5001,"parent":0,"menu_order":0,"comment_status":"closed","ping_status":"closed","template":"","meta":{"_acf_changed":false,"footnotes":""},"class_list":["post-5769","page","type-page","status-publish","has-post-thumbnail","hentry"],"acf":[],"aioseo_notices":[],"_links":{"self":[{"href":"https:\/\/www.filedoc.com\/ro\/wp-json\/wp\/v2\/pages\/5769","targetHints":{"allow":["GET"]}}],"collection":[{"href":"https:\/\/www.filedoc.com\/ro\/wp-json\/wp\/v2\/pages"}],"about":[{"href":"https:\/\/www.filedoc.com\/ro\/wp-json\/wp\/v2\/types\/page"}],"author":[{"embeddable":true,"href":"https:\/\/www.filedoc.com\/ro\/wp-json\/wp\/v2\/users\/2"}],"replies":[{"embeddable":true,"href":"https:\/\/www.filedoc.com\/ro\/wp-json\/wp\/v2\/comments?post=5769"}],"version-history":[{"count":11,"href":"https:\/\/www.filedoc.com\/ro\/wp-json\/wp\/v2\/pages\/5769\/revisions"}],"predecessor-version":[{"id":8998,"href":"https:\/\/www.filedoc.com\/ro\/wp-json\/wp\/v2\/pages\/5769\/revisions\/8998"}],"wp:featuredmedia":[{"embeddable":true,"href":"https:\/\/www.filedoc.com\/ro\/wp-json\/wp\/v2\/media\/5001"}],"wp:attachment":[{"href":"https:\/\/www.filedoc.com\/ro\/wp-json\/wp\/v2\/media?parent=5769"}],"curies":[{"name":"wp","href":"https:\/\/api.w.org\/{rel}","templated":true}]}}