{"id":5745,"date":"2022-04-12T14:16:22","date_gmt":"2022-04-12T13:16:22","guid":{"rendered":"https:\/\/www.filedoc.com\/caracteristici\/integracao-erp\/"},"modified":"2022-05-13T10:04:38","modified_gmt":"2022-05-13T09:04:38","slug":"integrare-erp","status":"publish","type":"page","link":"https:\/\/www.filedoc.com\/ro\/caracteristici\/integrare-erp\/","title":{"rendered":"Integrare ERP"},"content":{"rendered":"<p>V-a\u021bi g\u00e2ndit la timpul necesar pentru a \u00eenregistra manual toate datele relevante din documentele contabile \u0219i financiare? De c\u00e2te ori a\u021bi constatat c\u0103 exist\u0103 erori sau c\u0103 datele sunt inconsecvente? Cu integrarea ERP nu vor mai exista erori \u0219i se va reduce considerabil timpul petrecut cu rezolvarea unor sarcini neproductive pentru afacerea ta.<\/p>\n","protected":false},"excerpt":{"rendered":"<p>V-a\u021bi g\u00e2ndit la timpul necesar pentru a \u00eenregistra manual toate datele relevante din documentele contabile \u0219i financiare? De c\u00e2te ori a\u021bi constatat c\u0103 exist\u0103 erori sau c\u0103 datele sunt inconsecvente? Cu integrarea ERP nu vor mai exista erori \u0219i se va reduce considerabil timpul petrecut cu rezolvarea unor sarcini neproductive pentru afacerea ta.<\/p>\n","protected":false},"author":2,"featured_media":5303,"parent":5691,"menu_order":0,"comment_status":"closed","ping_status":"closed","template":"","meta":{"_acf_changed":false,"footnotes":""},"class_list":["post-5745","page","type-page","status-publish","has-post-thumbnail","hentry"],"acf":[],"aioseo_notices":[],"_links":{"self":[{"href":"https:\/\/www.filedoc.com\/ro\/wp-json\/wp\/v2\/pages\/5745","targetHints":{"allow":["GET"]}}],"collection":[{"href":"https:\/\/www.filedoc.com\/ro\/wp-json\/wp\/v2\/pages"}],"about":[{"href":"https:\/\/www.filedoc.com\/ro\/wp-json\/wp\/v2\/types\/page"}],"author":[{"embeddable":true,"href":"https:\/\/www.filedoc.com\/ro\/wp-json\/wp\/v2\/users\/2"}],"replies":[{"embeddable":true,"href":"https:\/\/www.filedoc.com\/ro\/wp-json\/wp\/v2\/comments?post=5745"}],"version-history":[{"count":4,"href":"https:\/\/www.filedoc.com\/ro\/wp-json\/wp\/v2\/pages\/5745\/revisions"}],"predecessor-version":[{"id":5977,"href":"https:\/\/www.filedoc.com\/ro\/wp-json\/wp\/v2\/pages\/5745\/revisions\/5977"}],"up":[{"embeddable":true,"href":"https:\/\/www.filedoc.com\/ro\/wp-json\/wp\/v2\/pages\/5691"}],"wp:featuredmedia":[{"embeddable":true,"href":"https:\/\/www.filedoc.com\/ro\/wp-json\/wp\/v2\/media\/5303"}],"wp:attachment":[{"href":"https:\/\/www.filedoc.com\/ro\/wp-json\/wp\/v2\/media?parent=5745"}],"curies":[{"name":"wp","href":"https:\/\/api.w.org\/{rel}","templated":true}]}}