{"id":5735,"date":"2022-04-12T13:41:51","date_gmt":"2022-04-12T12:41:51","guid":{"rendered":"https:\/\/www.filedoc.com\/caracteristici\/integracao-com-email\/"},"modified":"2022-05-12T16:32:22","modified_gmt":"2022-05-12T15:32:22","slug":"integrare-email","status":"publish","type":"page","link":"https:\/\/www.filedoc.com\/ro\/caracteristici\/integrare-email\/","title":{"rendered":"Integrare cu Email"},"content":{"rendered":"<p>Conectare cu Outlook. \u00cenregistra\u021bi \u0219i clasifica\u021bi \u00een siguran\u021b\u0103 e-mailurile primite \u0219i trimise, declan\u0219\u00e2nd \u00een acela\u0219i timp noi fluxuri de lucru. \u00cen Outlook este disponibil un plug-in care v\u0103 permite s\u0103 \u00eenregistra\u021bi e-mailurile trimise sau primite prin Filedoc. E-mailurile sunt salvate \u00een formatul lor original, inclusiv fi\u0219ierele ata\u0219ate.<\/p>\n","protected":false},"excerpt":{"rendered":"<p>Conectare cu Outlook. \u00cenregistra\u021bi \u0219i clasifica\u021bi \u00een siguran\u021b\u0103 e-mailurile primite \u0219i trimise, declan\u0219\u00e2nd \u00een acela\u0219i timp noi fluxuri de lucru. \u00cen Outlook este disponibil un plug-in care v\u0103 permite s\u0103 \u00eenregistra\u021bi e-mailurile trimise sau primite prin Filedoc. E-mailurile sunt salvate \u00een formatul lor original, inclusiv fi\u0219ierele ata\u0219ate.<\/p>\n","protected":false},"author":2,"featured_media":9211,"parent":5691,"menu_order":0,"comment_status":"closed","ping_status":"closed","template":"","meta":{"_acf_changed":false,"footnotes":""},"class_list":["post-5735","page","type-page","status-publish","has-post-thumbnail","hentry"],"acf":[],"aioseo_notices":[],"_links":{"self":[{"href":"https:\/\/www.filedoc.com\/ro\/wp-json\/wp\/v2\/pages\/5735","targetHints":{"allow":["GET"]}}],"collection":[{"href":"https:\/\/www.filedoc.com\/ro\/wp-json\/wp\/v2\/pages"}],"about":[{"href":"https:\/\/www.filedoc.com\/ro\/wp-json\/wp\/v2\/types\/page"}],"author":[{"embeddable":true,"href":"https:\/\/www.filedoc.com\/ro\/wp-json\/wp\/v2\/users\/2"}],"replies":[{"embeddable":true,"href":"https:\/\/www.filedoc.com\/ro\/wp-json\/wp\/v2\/comments?post=5735"}],"version-history":[{"count":3,"href":"https:\/\/www.filedoc.com\/ro\/wp-json\/wp\/v2\/pages\/5735\/revisions"}],"predecessor-version":[{"id":5933,"href":"https:\/\/www.filedoc.com\/ro\/wp-json\/wp\/v2\/pages\/5735\/revisions\/5933"}],"up":[{"embeddable":true,"href":"https:\/\/www.filedoc.com\/ro\/wp-json\/wp\/v2\/pages\/5691"}],"wp:featuredmedia":[{"embeddable":true,"href":"https:\/\/www.filedoc.com\/ro\/wp-json\/wp\/v2\/media\/9211"}],"wp:attachment":[{"href":"https:\/\/www.filedoc.com\/ro\/wp-json\/wp\/v2\/media?parent=5735"}],"curies":[{"name":"wp","href":"https:\/\/api.w.org\/{rel}","templated":true}]}}