{"id":5729,"date":"2022-04-12T13:30:52","date_gmt":"2022-04-12T12:30:52","guid":{"rendered":"https:\/\/www.filedoc.com\/caracteristici\/formularios-eletronicos\/"},"modified":"2022-05-12T16:31:57","modified_gmt":"2022-05-12T15:31:57","slug":"formular-electronic","status":"publish","type":"page","link":"https:\/\/www.filedoc.com\/ro\/caracteristici\/formular-electronic\/","title":{"rendered":"Formular Electronic"},"content":{"rendered":"<p>Formularele web simplific\u0103, \u00eembun\u0103t\u0103\u021besc \u0219i accelereaz\u0103 colectarea datelor. Sunt disponibile imediat, pentru oricine, pe orice dispozitiv, structureaz\u0103 datele astfel \u00eenc\u00e2t s\u0103 poat\u0103 fi utilizate pentru automatizarea proceselor.<\/p>\n","protected":false},"excerpt":{"rendered":"<p>Formularele web simplific\u0103, \u00eembun\u0103t\u0103\u021besc \u0219i accelereaz\u0103 colectarea datelor. Sunt disponibile imediat, pentru oricine, pe orice dispozitiv, structureaz\u0103 datele astfel \u00eenc\u00e2t s\u0103 poat\u0103 fi utilizate pentru automatizarea proceselor.<\/p>\n","protected":false},"author":2,"featured_media":9206,"parent":5691,"menu_order":0,"comment_status":"closed","ping_status":"closed","template":"","meta":{"_acf_changed":false,"footnotes":""},"class_list":["post-5729","page","type-page","status-publish","has-post-thumbnail","hentry"],"acf":[],"aioseo_notices":[],"_links":{"self":[{"href":"https:\/\/www.filedoc.com\/ro\/wp-json\/wp\/v2\/pages\/5729","targetHints":{"allow":["GET"]}}],"collection":[{"href":"https:\/\/www.filedoc.com\/ro\/wp-json\/wp\/v2\/pages"}],"about":[{"href":"https:\/\/www.filedoc.com\/ro\/wp-json\/wp\/v2\/types\/page"}],"author":[{"embeddable":true,"href":"https:\/\/www.filedoc.com\/ro\/wp-json\/wp\/v2\/users\/2"}],"replies":[{"embeddable":true,"href":"https:\/\/www.filedoc.com\/ro\/wp-json\/wp\/v2\/comments?post=5729"}],"version-history":[{"count":3,"href":"https:\/\/www.filedoc.com\/ro\/wp-json\/wp\/v2\/pages\/5729\/revisions"}],"predecessor-version":[{"id":5930,"href":"https:\/\/www.filedoc.com\/ro\/wp-json\/wp\/v2\/pages\/5729\/revisions\/5930"}],"up":[{"embeddable":true,"href":"https:\/\/www.filedoc.com\/ro\/wp-json\/wp\/v2\/pages\/5691"}],"wp:featuredmedia":[{"embeddable":true,"href":"https:\/\/www.filedoc.com\/ro\/wp-json\/wp\/v2\/media\/9206"}],"wp:attachment":[{"href":"https:\/\/www.filedoc.com\/ro\/wp-json\/wp\/v2\/media?parent=5729"}],"curies":[{"name":"wp","href":"https:\/\/api.w.org\/{rel}","templated":true}]}}