{"id":5722,"date":"2022-04-12T11:54:08","date_gmt":"2022-04-12T10:54:08","guid":{"rendered":"https:\/\/www.filedoc.com\/caracteristici\/assinatura-eletronica\/"},"modified":"2025-11-06T10:33:03","modified_gmt":"2025-11-06T10:33:03","slug":"semnaturi-electronice","status":"publish","type":"page","link":"https:\/\/www.filedoc.com\/ro\/caracteristici\/semnaturi-electronice\/","title":{"rendered":"Semn\u0103turi Electronice"},"content":{"rendered":"<p>Semnarea documentelor cu semn\u0103tur\u0103 electronic\u0103 asigur\u0103 autenticitatea acestora, validitatea din punct de vedere juridic \u0219i \u00eendeplinirea tuturor cerin\u021belor de securitate. Odat\u0103 cu dematerializarea proceselor, semn\u0103turile electronice au devenit o component\u0103 important\u0103 \u00een activit\u0103\u021bile zilnice.<\/p>\n","protected":false},"excerpt":{"rendered":"<p>Semnarea documentelor cu semn\u0103tur\u0103 electronic\u0103 asigur\u0103 autenticitatea acestora, validitatea din punct de vedere juridic \u0219i \u00eendeplinirea tuturor cerin\u021belor de securitate. Odat\u0103 cu dematerializarea proceselor, semn\u0103turile electronice au devenit o component\u0103 important\u0103 \u00een activit\u0103\u021bile zilnice.<\/p>\n","protected":false},"author":2,"featured_media":9221,"parent":5691,"menu_order":0,"comment_status":"closed","ping_status":"closed","template":"","meta":{"_acf_changed":false,"footnotes":""},"class_list":["post-5722","page","type-page","status-publish","has-post-thumbnail","hentry"],"acf":[],"aioseo_notices":[],"_links":{"self":[{"href":"https:\/\/www.filedoc.com\/ro\/wp-json\/wp\/v2\/pages\/5722","targetHints":{"allow":["GET"]}}],"collection":[{"href":"https:\/\/www.filedoc.com\/ro\/wp-json\/wp\/v2\/pages"}],"about":[{"href":"https:\/\/www.filedoc.com\/ro\/wp-json\/wp\/v2\/types\/page"}],"author":[{"embeddable":true,"href":"https:\/\/www.filedoc.com\/ro\/wp-json\/wp\/v2\/users\/2"}],"replies":[{"embeddable":true,"href":"https:\/\/www.filedoc.com\/ro\/wp-json\/wp\/v2\/comments?post=5722"}],"version-history":[{"count":5,"href":"https:\/\/www.filedoc.com\/ro\/wp-json\/wp\/v2\/pages\/5722\/revisions"}],"predecessor-version":[{"id":9571,"href":"https:\/\/www.filedoc.com\/ro\/wp-json\/wp\/v2\/pages\/5722\/revisions\/9571"}],"up":[{"embeddable":true,"href":"https:\/\/www.filedoc.com\/ro\/wp-json\/wp\/v2\/pages\/5691"}],"wp:featuredmedia":[{"embeddable":true,"href":"https:\/\/www.filedoc.com\/ro\/wp-json\/wp\/v2\/media\/9221"}],"wp:attachment":[{"href":"https:\/\/www.filedoc.com\/ro\/wp-json\/wp\/v2\/media?parent=5722"}],"curies":[{"name":"wp","href":"https:\/\/api.w.org\/{rel}","templated":true}]}}