{"id":5714,"date":"2022-04-12T11:41:04","date_gmt":"2022-04-12T10:41:04","guid":{"rendered":"https:\/\/www.filedoc.com\/caracteristici\/gestao-de-tarefas-pendentes\/"},"modified":"2025-11-06T10:30:39","modified_gmt":"2025-11-06T10:30:39","slug":"gestionati-sarcinile-asteptare","status":"publish","type":"page","link":"https:\/\/www.filedoc.com\/ro\/caracteristici\/gestionati-sarcinile-asteptare\/","title":{"rendered":"Gestiona\u021bi Sarcinile \u00een A\u0219teptare"},"content":{"rendered":"<p>Filedoc v\u0103 ajut\u0103 s\u0103 gestiona\u021bi sarcinile \u00een a\u0219teptare. Folosind capabilit\u0103\u021bile de automatizare ale Filedoc pentru a v\u0103 gestiona zilnic activitatea, nu se vor mai uita termenele limit\u0103 sau sarcinile de \u00eendeplinit. \u00cen sarcinile \u201c\u00een a\u0219teptare\u201d pute\u021bi vedea sarcinile grupate dup\u0103 diferite criterii sau pute\u021bi permite utilizatorilor s\u0103-\u0219i defineasc\u0103 propriile filtre.<\/p>\n","protected":false},"excerpt":{"rendered":"<p>Filedoc v\u0103 ajut\u0103 s\u0103 gestiona\u021bi sarcinile \u00een a\u0219teptare. Folosind capabilit\u0103\u021bile de automatizare ale Filedoc pentru a v\u0103 gestiona zilnic activitatea, nu se vor mai uita termenele limit\u0103 sau sarcinile de \u00eendeplinit. \u00cen sarcinile \u201c\u00een a\u0219teptare\u201d pute\u021bi vedea sarcinile grupate dup\u0103 diferite criterii sau pute\u021bi permite utilizatorilor s\u0103-\u0219i defineasc\u0103 propriile filtre.<\/p>\n","protected":false},"author":2,"featured_media":9188,"parent":5691,"menu_order":0,"comment_status":"closed","ping_status":"closed","template":"","meta":{"_acf_changed":false,"footnotes":""},"class_list":["post-5714","page","type-page","status-publish","has-post-thumbnail","hentry"],"acf":[],"aioseo_notices":[],"_links":{"self":[{"href":"https:\/\/www.filedoc.com\/ro\/wp-json\/wp\/v2\/pages\/5714","targetHints":{"allow":["GET"]}}],"collection":[{"href":"https:\/\/www.filedoc.com\/ro\/wp-json\/wp\/v2\/pages"}],"about":[{"href":"https:\/\/www.filedoc.com\/ro\/wp-json\/wp\/v2\/types\/page"}],"author":[{"embeddable":true,"href":"https:\/\/www.filedoc.com\/ro\/wp-json\/wp\/v2\/users\/2"}],"replies":[{"embeddable":true,"href":"https:\/\/www.filedoc.com\/ro\/wp-json\/wp\/v2\/comments?post=5714"}],"version-history":[{"count":6,"href":"https:\/\/www.filedoc.com\/ro\/wp-json\/wp\/v2\/pages\/5714\/revisions"}],"predecessor-version":[{"id":9567,"href":"https:\/\/www.filedoc.com\/ro\/wp-json\/wp\/v2\/pages\/5714\/revisions\/9567"}],"up":[{"embeddable":true,"href":"https:\/\/www.filedoc.com\/ro\/wp-json\/wp\/v2\/pages\/5691"}],"wp:featuredmedia":[{"embeddable":true,"href":"https:\/\/www.filedoc.com\/ro\/wp-json\/wp\/v2\/media\/9188"}],"wp:attachment":[{"href":"https:\/\/www.filedoc.com\/ro\/wp-json\/wp\/v2\/media?parent=5714"}],"curies":[{"name":"wp","href":"https:\/\/api.w.org\/{rel}","templated":true}]}}