{"id":5708,"date":"2022-04-12T10:39:03","date_gmt":"2022-04-12T09:39:03","guid":{"rendered":"https:\/\/www.filedoc.com\/caracteristici\/gestor-de-workflows\/"},"modified":"2022-05-12T16:32:43","modified_gmt":"2022-05-12T15:32:43","slug":"manager-flux-lucru","status":"publish","type":"page","link":"https:\/\/www.filedoc.com\/ro\/caracteristici\/manager-flux-lucru\/","title":{"rendered":"Manager Flux de Lucru"},"content":{"rendered":"<p>Managerul de fluxuri de lucru din Filedoc este un instrument care v\u0103 permite s\u0103 crea\u021bi fluxuri de lucru \u00eentr-o interfa\u021b\u0103 simpl\u0103 \u0219i intuitiv\u0103. Toate companiile \u00ee\u0219i gestioneaz\u0103 activitatea pe baza proceselor (fluxuri de lucru). V\u00e2nz\u0103ri, resurse umane, finan\u021be, achizi\u021bii, juridic &#8211; toate trebuie s\u0103 partajeze \u0219i s\u0103 acceseze informa\u021bii rapid \u0219i eficient, astfel \u00eenc\u00e2t diferitele departamente s\u0103 poat\u0103 lua deciziile corecte la momentul potrivit.<\/p>\n","protected":false},"excerpt":{"rendered":"<p>Managerul de fluxuri de lucru din Filedoc este un instrument care v\u0103 permite s\u0103 crea\u021bi fluxuri de lucru \u00eentr-o interfa\u021b\u0103 simpl\u0103 \u0219i intuitiv\u0103. Toate companiile \u00ee\u0219i gestioneaz\u0103 activitatea pe baza proceselor (fluxuri de lucru). V\u00e2nz\u0103ri, resurse umane, finan\u021be, achizi\u021bii, juridic &#8211; toate trebuie s\u0103 partajeze \u0219i s\u0103 acceseze informa\u021bii rapid \u0219i eficient, astfel \u00eenc\u00e2t diferitele [&hellip;]<\/p>\n","protected":false},"author":2,"featured_media":5241,"parent":5691,"menu_order":0,"comment_status":"closed","ping_status":"closed","template":"","meta":{"_acf_changed":false,"footnotes":""},"class_list":["post-5708","page","type-page","status-publish","has-post-thumbnail","hentry"],"acf":[],"aioseo_notices":[],"_links":{"self":[{"href":"https:\/\/www.filedoc.com\/ro\/wp-json\/wp\/v2\/pages\/5708","targetHints":{"allow":["GET"]}}],"collection":[{"href":"https:\/\/www.filedoc.com\/ro\/wp-json\/wp\/v2\/pages"}],"about":[{"href":"https:\/\/www.filedoc.com\/ro\/wp-json\/wp\/v2\/types\/page"}],"author":[{"embeddable":true,"href":"https:\/\/www.filedoc.com\/ro\/wp-json\/wp\/v2\/users\/2"}],"replies":[{"embeddable":true,"href":"https:\/\/www.filedoc.com\/ro\/wp-json\/wp\/v2\/comments?post=5708"}],"version-history":[{"count":4,"href":"https:\/\/www.filedoc.com\/ro\/wp-json\/wp\/v2\/pages\/5708\/revisions"}],"predecessor-version":[{"id":5936,"href":"https:\/\/www.filedoc.com\/ro\/wp-json\/wp\/v2\/pages\/5708\/revisions\/5936"}],"up":[{"embeddable":true,"href":"https:\/\/www.filedoc.com\/ro\/wp-json\/wp\/v2\/pages\/5691"}],"wp:featuredmedia":[{"embeddable":true,"href":"https:\/\/www.filedoc.com\/ro\/wp-json\/wp\/v2\/media\/5241"}],"wp:attachment":[{"href":"https:\/\/www.filedoc.com\/ro\/wp-json\/wp\/v2\/media?parent=5708"}],"curies":[{"name":"wp","href":"https:\/\/api.w.org\/{rel}","templated":true}]}}