{"id":5704,"date":"2022-04-12T10:29:46","date_gmt":"2022-04-12T09:29:46","guid":{"rendered":"https:\/\/www.filedoc.com\/caracteristici\/indexacao-inteligente\/"},"modified":"2025-10-10T12:44:57","modified_gmt":"2025-10-10T11:44:57","slug":"indexare-inteligenta","status":"publish","type":"page","link":"https:\/\/www.filedoc.com\/ro\/caracteristici\/indexare-inteligenta\/","title":{"rendered":"Prelucrarea inteligent\u0103 a documentelor &#8211; IDP"},"content":{"rendered":"<p>Procesarea inteligent\u0103 a documentelor (IDP) aplic\u0103 tehnici de inteligen\u021b\u0103 artificial\u0103 (AI) \u0219i de \u00eenv\u0103\u021bare automat\u0103 pentru a procesa documente structurate \u0219i nestructurate, permi\u021b\u00e2nd tehnologiei s\u0103 citeasc\u0103 \u0219i s\u0103 proceseze con\u021binutul documentelor ca o fiin\u021b\u0103 uman\u0103.<\/p>\n","protected":false},"excerpt":{"rendered":"<p>Procesarea inteligent\u0103 a documentelor (IDP) aplic\u0103 tehnici de inteligen\u021b\u0103 artificial\u0103 (AI) \u0219i de \u00eenv\u0103\u021bare automat\u0103 pentru a procesa documente structurate \u0219i nestructurate, permi\u021b\u00e2nd tehnologiei s\u0103 citeasc\u0103 \u0219i s\u0103 proceseze con\u021binutul documentelor ca o fiin\u021b\u0103 uman\u0103.<\/p>\n","protected":false},"author":2,"featured_media":5231,"parent":5691,"menu_order":0,"comment_status":"closed","ping_status":"closed","template":"","meta":{"_acf_changed":false,"footnotes":""},"class_list":["post-5704","page","type-page","status-publish","has-post-thumbnail","hentry"],"acf":[],"aioseo_notices":[],"_links":{"self":[{"href":"https:\/\/www.filedoc.com\/ro\/wp-json\/wp\/v2\/pages\/5704","targetHints":{"allow":["GET"]}}],"collection":[{"href":"https:\/\/www.filedoc.com\/ro\/wp-json\/wp\/v2\/pages"}],"about":[{"href":"https:\/\/www.filedoc.com\/ro\/wp-json\/wp\/v2\/types\/page"}],"author":[{"embeddable":true,"href":"https:\/\/www.filedoc.com\/ro\/wp-json\/wp\/v2\/users\/2"}],"replies":[{"embeddable":true,"href":"https:\/\/www.filedoc.com\/ro\/wp-json\/wp\/v2\/comments?post=5704"}],"version-history":[{"count":7,"href":"https:\/\/www.filedoc.com\/ro\/wp-json\/wp\/v2\/pages\/5704\/revisions"}],"predecessor-version":[{"id":8972,"href":"https:\/\/www.filedoc.com\/ro\/wp-json\/wp\/v2\/pages\/5704\/revisions\/8972"}],"up":[{"embeddable":true,"href":"https:\/\/www.filedoc.com\/ro\/wp-json\/wp\/v2\/pages\/5691"}],"wp:featuredmedia":[{"embeddable":true,"href":"https:\/\/www.filedoc.com\/ro\/wp-json\/wp\/v2\/media\/5231"}],"wp:attachment":[{"href":"https:\/\/www.filedoc.com\/ro\/wp-json\/wp\/v2\/media?parent=5704"}],"curies":[{"name":"wp","href":"https:\/\/api.w.org\/{rel}","templated":true}]}}