{"id":5669,"date":"2022-04-12T10:01:25","date_gmt":"2022-04-12T09:01:25","guid":{"rendered":"https:\/\/www.filedoc.com\/platforma\/portal-filedoc\/"},"modified":"2025-03-12T15:46:51","modified_gmt":"2025-03-12T15:46:51","slug":"portal-filedoc","status":"publish","type":"page","link":"https:\/\/www.filedoc.com\/ro\/platforma\/portal-filedoc\/","title":{"rendered":"Platform\u0103 Filedoc"},"content":{"rendered":"<p>Portalul Filedoc ajut\u0103 angaja\u021bii, furnizorii \u0219i partenerii s\u0103 acceseze \u0219i s\u0103 trimit\u0103 documente, s\u0103 interac\u021bioneze cu diferite procese care ruleaz\u0103 \u00een organiza\u021bie sau s\u0103 verifice starea anumitor procese. Accesul se face printr-un protocol securizat, prin browser, de pe orice dispozitiv (calculatoare personale, tablete sau smartphone-uri) prin autentificare.<\/p>\n","protected":false},"excerpt":{"rendered":"<p>Portalul Filedoc ajut\u0103 angaja\u021bii, furnizorii \u0219i partenerii s\u0103 acceseze \u0219i s\u0103 trimit\u0103 documente, s\u0103 interac\u021bioneze cu diferite procese care ruleaz\u0103 \u00een organiza\u021bie sau s\u0103 verifice starea anumitor procese. Accesul se face printr-un protocol securizat, prin browser, de pe orice dispozitiv (calculatoare personale, tablete sau smartphone-uri) prin autentificare.<\/p>\n","protected":false},"author":2,"featured_media":5265,"parent":5626,"menu_order":0,"comment_status":"closed","ping_status":"closed","template":"","meta":{"_acf_changed":false,"footnotes":""},"class_list":["post-5669","page","type-page","status-publish","has-post-thumbnail","hentry"],"acf":[],"aioseo_notices":[],"_links":{"self":[{"href":"https:\/\/www.filedoc.com\/ro\/wp-json\/wp\/v2\/pages\/5669","targetHints":{"allow":["GET"]}}],"collection":[{"href":"https:\/\/www.filedoc.com\/ro\/wp-json\/wp\/v2\/pages"}],"about":[{"href":"https:\/\/www.filedoc.com\/ro\/wp-json\/wp\/v2\/types\/page"}],"author":[{"embeddable":true,"href":"https:\/\/www.filedoc.com\/ro\/wp-json\/wp\/v2\/users\/2"}],"replies":[{"embeddable":true,"href":"https:\/\/www.filedoc.com\/ro\/wp-json\/wp\/v2\/comments?post=5669"}],"version-history":[{"count":4,"href":"https:\/\/www.filedoc.com\/ro\/wp-json\/wp\/v2\/pages\/5669\/revisions"}],"predecessor-version":[{"id":8717,"href":"https:\/\/www.filedoc.com\/ro\/wp-json\/wp\/v2\/pages\/5669\/revisions\/8717"}],"up":[{"embeddable":true,"href":"https:\/\/www.filedoc.com\/ro\/wp-json\/wp\/v2\/pages\/5626"}],"wp:featuredmedia":[{"embeddable":true,"href":"https:\/\/www.filedoc.com\/ro\/wp-json\/wp\/v2\/media\/5265"}],"wp:attachment":[{"href":"https:\/\/www.filedoc.com\/ro\/wp-json\/wp\/v2\/media?parent=5669"}],"curies":[{"name":"wp","href":"https:\/\/api.w.org\/{rel}","templated":true}]}}