{"id":5659,"date":"2022-04-12T09:54:02","date_gmt":"2022-04-12T08:54:02","guid":{"rendered":"https:\/\/www.filedoc.com\/platforma\/integracoes-e-extensibilidade\/"},"modified":"2025-10-10T12:54:25","modified_gmt":"2025-10-10T11:54:25","slug":"integrari-extensibilitate","status":"publish","type":"page","link":"https:\/\/www.filedoc.com\/ro\/platforma\/integrari-extensibilitate\/","title":{"rendered":"Integr\u0103ri \u0219i Extensibilitate"},"content":{"rendered":"<p>Software-ul Filedoc ofer\u0103 o serie de interfe\u021be bazate pe servicii web a c\u0103ror misiune este s\u0103 asigure transmiterea \u0219i recep\u021bionarea informa\u021biilor \u00eentre aplica\u021bii, prin integrare flexibil\u0103, sigur\u0103, bazat\u0103 pe standardele pie\u021bei.<\/p>\n","protected":false},"excerpt":{"rendered":"<p>Software-ul Filedoc ofer\u0103 o serie de interfe\u021be bazate pe servicii web a c\u0103ror misiune este s\u0103 asigure transmiterea \u0219i recep\u021bionarea informa\u021biilor \u00eentre aplica\u021bii, prin integrare flexibil\u0103, sigur\u0103, bazat\u0103 pe standardele pie\u021bei.<\/p>\n","protected":false},"author":2,"featured_media":5289,"parent":5626,"menu_order":0,"comment_status":"closed","ping_status":"closed","template":"","meta":{"_acf_changed":false,"footnotes":""},"class_list":["post-5659","page","type-page","status-publish","has-post-thumbnail","hentry"],"acf":[],"aioseo_notices":[],"_links":{"self":[{"href":"https:\/\/www.filedoc.com\/ro\/wp-json\/wp\/v2\/pages\/5659","targetHints":{"allow":["GET"]}}],"collection":[{"href":"https:\/\/www.filedoc.com\/ro\/wp-json\/wp\/v2\/pages"}],"about":[{"href":"https:\/\/www.filedoc.com\/ro\/wp-json\/wp\/v2\/types\/page"}],"author":[{"embeddable":true,"href":"https:\/\/www.filedoc.com\/ro\/wp-json\/wp\/v2\/users\/2"}],"replies":[{"embeddable":true,"href":"https:\/\/www.filedoc.com\/ro\/wp-json\/wp\/v2\/comments?post=5659"}],"version-history":[{"count":6,"href":"https:\/\/www.filedoc.com\/ro\/wp-json\/wp\/v2\/pages\/5659\/revisions"}],"predecessor-version":[{"id":8975,"href":"https:\/\/www.filedoc.com\/ro\/wp-json\/wp\/v2\/pages\/5659\/revisions\/8975"}],"up":[{"embeddable":true,"href":"https:\/\/www.filedoc.com\/ro\/wp-json\/wp\/v2\/pages\/5626"}],"wp:featuredmedia":[{"embeddable":true,"href":"https:\/\/www.filedoc.com\/ro\/wp-json\/wp\/v2\/media\/5289"}],"wp:attachment":[{"href":"https:\/\/www.filedoc.com\/ro\/wp-json\/wp\/v2\/media?parent=5659"}],"curies":[{"name":"wp","href":"https:\/\/api.w.org\/{rel}","templated":true}]}}