{"id":5647,"date":"2022-04-12T09:31:20","date_gmt":"2022-04-12T08:31:20","guid":{"rendered":"https:\/\/www.filedoc.com\/platforma\/apps-mobile\/"},"modified":"2022-05-12T16:34:13","modified_gmt":"2022-05-12T15:34:13","slug":"aplicatii-mobile","status":"publish","type":"page","link":"https:\/\/www.filedoc.com\/ro\/platforma\/aplicatii-mobile\/","title":{"rendered":"Aplica\u021bii Mobile"},"content":{"rendered":"<p>Agilitatea procesului de afaceri cre\u0219te pe m\u0103sur\u0103 ce flexibilitatea inerent\u0103 a lucr\u0103torilor mobili cre\u0219te, iar ace\u0219tia sunt \u00een concordan\u021b\u0103 cu modelul de productivitate oric\u00e2nd, oriunde \u0219i pe orice dispozitiv.<\/p>\n","protected":false},"excerpt":{"rendered":"<p>Agilitatea procesului de afaceri cre\u0219te pe m\u0103sur\u0103 ce flexibilitatea inerent\u0103 a lucr\u0103torilor mobili cre\u0219te, iar ace\u0219tia sunt \u00een concordan\u021b\u0103 cu modelul de productivitate oric\u00e2nd, oriunde \u0219i pe orice dispozitiv.<\/p>\n","protected":false},"author":2,"featured_media":5247,"parent":5626,"menu_order":0,"comment_status":"closed","ping_status":"closed","template":"","meta":{"_acf_changed":false,"footnotes":""},"class_list":["post-5647","page","type-page","status-publish","has-post-thumbnail","hentry"],"acf":[],"aioseo_notices":[],"_links":{"self":[{"href":"https:\/\/www.filedoc.com\/ro\/wp-json\/wp\/v2\/pages\/5647","targetHints":{"allow":["GET"]}}],"collection":[{"href":"https:\/\/www.filedoc.com\/ro\/wp-json\/wp\/v2\/pages"}],"about":[{"href":"https:\/\/www.filedoc.com\/ro\/wp-json\/wp\/v2\/types\/page"}],"author":[{"embeddable":true,"href":"https:\/\/www.filedoc.com\/ro\/wp-json\/wp\/v2\/users\/2"}],"replies":[{"embeddable":true,"href":"https:\/\/www.filedoc.com\/ro\/wp-json\/wp\/v2\/comments?post=5647"}],"version-history":[{"count":3,"href":"https:\/\/www.filedoc.com\/ro\/wp-json\/wp\/v2\/pages\/5647\/revisions"}],"predecessor-version":[{"id":5942,"href":"https:\/\/www.filedoc.com\/ro\/wp-json\/wp\/v2\/pages\/5647\/revisions\/5942"}],"up":[{"embeddable":true,"href":"https:\/\/www.filedoc.com\/ro\/wp-json\/wp\/v2\/pages\/5626"}],"wp:featuredmedia":[{"embeddable":true,"href":"https:\/\/www.filedoc.com\/ro\/wp-json\/wp\/v2\/media\/5247"}],"wp:attachment":[{"href":"https:\/\/www.filedoc.com\/ro\/wp-json\/wp\/v2\/media?parent=5647"}],"curies":[{"name":"wp","href":"https:\/\/api.w.org\/{rel}","templated":true}]}}