{"id":5640,"date":"2022-04-12T08:27:07","date_gmt":"2022-04-12T07:27:07","guid":{"rendered":"https:\/\/www.filedoc.com\/platforma\/principais-funcionalidades\/"},"modified":"2022-05-13T13:57:36","modified_gmt":"2022-05-13T12:57:36","slug":"caracteristici-principale","status":"publish","type":"page","link":"https:\/\/www.filedoc.com\/ro\/platforma\/caracteristici-principale\/","title":{"rendered":"Caracteristici principale"},"content":{"rendered":"<p>Filedoc este o platform\u0103 care v\u0103 permite s\u0103 scana\u021bi, s\u0103 indexa\u021bi, s\u0103 procesa\u021bi \u0219i s\u0103 utiliza\u021bi informa\u021biile existente \u00een \u00eentreaga organiza\u021bie. Echipele devin mai eficiente, fluxurile de lucru sunt dematerializate \u0219i automatizate, iar datele dumneavoastr\u0103 sunt acum protejate \u00eentr-un fi\u0219ier securizat, centralizat.<\/p>\n","protected":false},"excerpt":{"rendered":"<p>Filedoc este o platform\u0103 care v\u0103 permite s\u0103 scana\u021bi, s\u0103 indexa\u021bi, s\u0103 procesa\u021bi \u0219i s\u0103 utiliza\u021bi informa\u021biile existente \u00een \u00eentreaga organiza\u021bie. Echipele devin mai eficiente, fluxurile de lucru sunt dematerializate \u0219i automatizate, iar datele dumneavoastr\u0103 sunt acum protejate \u00eentr-un fi\u0219ier securizat, centralizat.<\/p>\n","protected":false},"author":2,"featured_media":5261,"parent":5626,"menu_order":0,"comment_status":"closed","ping_status":"closed","template":"","meta":{"_acf_changed":false,"footnotes":""},"class_list":["post-5640","page","type-page","status-publish","has-post-thumbnail","hentry"],"acf":[],"aioseo_notices":[],"_links":{"self":[{"href":"https:\/\/www.filedoc.com\/ro\/wp-json\/wp\/v2\/pages\/5640","targetHints":{"allow":["GET"]}}],"collection":[{"href":"https:\/\/www.filedoc.com\/ro\/wp-json\/wp\/v2\/pages"}],"about":[{"href":"https:\/\/www.filedoc.com\/ro\/wp-json\/wp\/v2\/types\/page"}],"author":[{"embeddable":true,"href":"https:\/\/www.filedoc.com\/ro\/wp-json\/wp\/v2\/users\/2"}],"replies":[{"embeddable":true,"href":"https:\/\/www.filedoc.com\/ro\/wp-json\/wp\/v2\/comments?post=5640"}],"version-history":[{"count":5,"href":"https:\/\/www.filedoc.com\/ro\/wp-json\/wp\/v2\/pages\/5640\/revisions"}],"predecessor-version":[{"id":6126,"href":"https:\/\/www.filedoc.com\/ro\/wp-json\/wp\/v2\/pages\/5640\/revisions\/6126"}],"up":[{"embeddable":true,"href":"https:\/\/www.filedoc.com\/ro\/wp-json\/wp\/v2\/pages\/5626"}],"wp:featuredmedia":[{"embeddable":true,"href":"https:\/\/www.filedoc.com\/ro\/wp-json\/wp\/v2\/media\/5261"}],"wp:attachment":[{"href":"https:\/\/www.filedoc.com\/ro\/wp-json\/wp\/v2\/media?parent=5640"}],"curies":[{"name":"wp","href":"https:\/\/api.w.org\/{rel}","templated":true}]}}