{"id":5612,"date":"2022-04-08T17:10:13","date_gmt":"2022-04-08T16:10:13","guid":{"rendered":"https:\/\/www.filedoc.com\/solutii\/mobilidade\/"},"modified":"2025-11-26T18:03:52","modified_gmt":"2025-11-26T18:03:52","slug":"mobilitate","status":"publish","type":"page","link":"https:\/\/www.filedoc.com\/ro\/solutii\/mobilitate\/","title":{"rendered":"Mobilitate"},"content":{"rendered":"<p>Agilitatea proceselor de business cre\u0219te pe m\u0103sur\u0103 ce flexibilitatea angaja\u021bilor cre\u0219te. Aceast\u0103 flexibilitate rezult\u0103 din posibilitatea acces\u0103rii informa\u021biilor necesare oric\u00e2nd, oriunde \u0219i pe orice dispozitiv.<\/p>\n","protected":false},"excerpt":{"rendered":"<p>Agilitatea proceselor de business cre\u0219te pe m\u0103sur\u0103 ce flexibilitatea angaja\u021bilor cre\u0219te. Aceast\u0103 flexibilitate rezult\u0103 din posibilitatea acces\u0103rii informa\u021biilor necesare oric\u00e2nd, oriunde \u0219i pe orice dispozitiv.<\/p>\n","protected":false},"author":2,"featured_media":5279,"parent":5573,"menu_order":0,"comment_status":"closed","ping_status":"closed","template":"","meta":{"_acf_changed":false,"footnotes":""},"class_list":["post-5612","page","type-page","status-publish","has-post-thumbnail","hentry"],"acf":[],"aioseo_notices":[],"_links":{"self":[{"href":"https:\/\/www.filedoc.com\/ro\/wp-json\/wp\/v2\/pages\/5612","targetHints":{"allow":["GET"]}}],"collection":[{"href":"https:\/\/www.filedoc.com\/ro\/wp-json\/wp\/v2\/pages"}],"about":[{"href":"https:\/\/www.filedoc.com\/ro\/wp-json\/wp\/v2\/types\/page"}],"author":[{"embeddable":true,"href":"https:\/\/www.filedoc.com\/ro\/wp-json\/wp\/v2\/users\/2"}],"replies":[{"embeddable":true,"href":"https:\/\/www.filedoc.com\/ro\/wp-json\/wp\/v2\/comments?post=5612"}],"version-history":[{"count":4,"href":"https:\/\/www.filedoc.com\/ro\/wp-json\/wp\/v2\/pages\/5612\/revisions"}],"predecessor-version":[{"id":9868,"href":"https:\/\/www.filedoc.com\/ro\/wp-json\/wp\/v2\/pages\/5612\/revisions\/9868"}],"up":[{"embeddable":true,"href":"https:\/\/www.filedoc.com\/ro\/wp-json\/wp\/v2\/pages\/5573"}],"wp:featuredmedia":[{"embeddable":true,"href":"https:\/\/www.filedoc.com\/ro\/wp-json\/wp\/v2\/media\/5279"}],"wp:attachment":[{"href":"https:\/\/www.filedoc.com\/ro\/wp-json\/wp\/v2\/media?parent=5612"}],"curies":[{"name":"wp","href":"https:\/\/api.w.org\/{rel}","templated":true}]}}