{"id":5599,"date":"2022-04-08T16:44:29","date_gmt":"2022-04-08T15:44:29","guid":{"rendered":"https:\/\/www.filedoc.com\/solutii\/gestao-de-documentos-em-vendas-e-marketing\/"},"modified":"2025-11-26T18:01:38","modified_gmt":"2025-11-26T18:01:38","slug":"managementul-documentelor-marketing-vanzari","status":"publish","type":"page","link":"https:\/\/www.filedoc.com\/ro\/solutii\/managementul-documentelor-marketing-vanzari\/","title":{"rendered":"Managementul documentelor de marketing \u0219i v\u00e2nz\u0103ri"},"content":{"rendered":"<p>Potrivit unui sondaj, \u201c88% din speciali\u0219tii \u00een v\u00e2nz\u0103ri nu reu\u0219esc s\u0103 g\u0103seasc\u0103 informa\u021bii \u0219i materiale \u00een timp util \u2013 atunci c\u00e2nd nu sunt la birou\u201d. Rezultatul? Cicluri de v\u00e2nz\u0103ri mai lungi \u0219i afaceri pierdute.<\/p>\n","protected":false},"excerpt":{"rendered":"<p>Potrivit unui sondaj, \u201c88% din speciali\u0219tii \u00een v\u00e2nz\u0103ri nu reu\u0219esc s\u0103 g\u0103seasc\u0103 informa\u021bii \u0219i materiale \u00een timp util \u2013 atunci c\u00e2nd nu sunt la birou\u201d. Rezultatul? Cicluri de v\u00e2nz\u0103ri mai lungi \u0219i afaceri pierdute.<\/p>\n","protected":false},"author":2,"featured_media":5261,"parent":5573,"menu_order":0,"comment_status":"closed","ping_status":"closed","template":"","meta":{"_acf_changed":false,"footnotes":""},"class_list":["post-5599","page","type-page","status-publish","has-post-thumbnail","hentry"],"acf":[],"aioseo_notices":[],"_links":{"self":[{"href":"https:\/\/www.filedoc.com\/ro\/wp-json\/wp\/v2\/pages\/5599","targetHints":{"allow":["GET"]}}],"collection":[{"href":"https:\/\/www.filedoc.com\/ro\/wp-json\/wp\/v2\/pages"}],"about":[{"href":"https:\/\/www.filedoc.com\/ro\/wp-json\/wp\/v2\/types\/page"}],"author":[{"embeddable":true,"href":"https:\/\/www.filedoc.com\/ro\/wp-json\/wp\/v2\/users\/2"}],"replies":[{"embeddable":true,"href":"https:\/\/www.filedoc.com\/ro\/wp-json\/wp\/v2\/comments?post=5599"}],"version-history":[{"count":4,"href":"https:\/\/www.filedoc.com\/ro\/wp-json\/wp\/v2\/pages\/5599\/revisions"}],"predecessor-version":[{"id":9866,"href":"https:\/\/www.filedoc.com\/ro\/wp-json\/wp\/v2\/pages\/5599\/revisions\/9866"}],"up":[{"embeddable":true,"href":"https:\/\/www.filedoc.com\/ro\/wp-json\/wp\/v2\/pages\/5573"}],"wp:featuredmedia":[{"embeddable":true,"href":"https:\/\/www.filedoc.com\/ro\/wp-json\/wp\/v2\/media\/5261"}],"wp:attachment":[{"href":"https:\/\/www.filedoc.com\/ro\/wp-json\/wp\/v2\/media?parent=5599"}],"curies":[{"name":"wp","href":"https:\/\/api.w.org\/{rel}","templated":true}]}}