{"id":5593,"date":"2022-04-08T15:41:20","date_gmt":"2022-04-08T14:41:20","guid":{"rendered":"https:\/\/www.filedoc.com\/solutii\/gestao-de-documentos-em-recursos-humanos\/"},"modified":"2025-11-26T18:01:24","modified_gmt":"2025-11-26T18:01:24","slug":"gestionarea-documentelor-resurse-umane","status":"publish","type":"page","link":"https:\/\/www.filedoc.com\/ro\/solutii\/gestionarea-documentelor-resurse-umane\/","title":{"rendered":"Gestionarea documentelor de resurse umane"},"content":{"rendered":"<p>Softul de managementul documentelor ajut\u0103 managerii de resurse umane \u00een aceste direc\u021bii importante prin stocarea informa\u021biilor angaja\u021bilor \u0219i gestionarea documentelor de resurse umane \u00eentr-un depozit central. Departamentul de Resurse Umane are de luat decizii importante \u00een procesele de recrutare, \u00een cele de \u00eembun\u0103t\u0103\u021bire a proceselor de integrare a noilor angaja\u021bi \u0219i \u00een cele de gestionare a angaja\u021bilor.<\/p>\n","protected":false},"excerpt":{"rendered":"<p>Softul de managementul documentelor ajut\u0103 managerii de resurse umane \u00een aceste direc\u021bii importante prin stocarea informa\u021biilor angaja\u021bilor \u0219i gestionarea documentelor de resurse umane \u00eentr-un depozit central. Departamentul de Resurse Umane are de luat decizii importante \u00een procesele de recrutare, \u00een cele de \u00eembun\u0103t\u0103\u021bire a proceselor de integrare a noilor angaja\u021bi \u0219i \u00een cele de gestionare [&hellip;]<\/p>\n","protected":false},"author":2,"featured_media":5251,"parent":5573,"menu_order":0,"comment_status":"closed","ping_status":"closed","template":"","meta":{"_acf_changed":false,"footnotes":""},"class_list":["post-5593","page","type-page","status-publish","has-post-thumbnail","hentry"],"acf":[],"aioseo_notices":[],"_links":{"self":[{"href":"https:\/\/www.filedoc.com\/ro\/wp-json\/wp\/v2\/pages\/5593","targetHints":{"allow":["GET"]}}],"collection":[{"href":"https:\/\/www.filedoc.com\/ro\/wp-json\/wp\/v2\/pages"}],"about":[{"href":"https:\/\/www.filedoc.com\/ro\/wp-json\/wp\/v2\/types\/page"}],"author":[{"embeddable":true,"href":"https:\/\/www.filedoc.com\/ro\/wp-json\/wp\/v2\/users\/2"}],"replies":[{"embeddable":true,"href":"https:\/\/www.filedoc.com\/ro\/wp-json\/wp\/v2\/comments?post=5593"}],"version-history":[{"count":4,"href":"https:\/\/www.filedoc.com\/ro\/wp-json\/wp\/v2\/pages\/5593\/revisions"}],"predecessor-version":[{"id":9865,"href":"https:\/\/www.filedoc.com\/ro\/wp-json\/wp\/v2\/pages\/5593\/revisions\/9865"}],"up":[{"embeddable":true,"href":"https:\/\/www.filedoc.com\/ro\/wp-json\/wp\/v2\/pages\/5573"}],"wp:featuredmedia":[{"embeddable":true,"href":"https:\/\/www.filedoc.com\/ro\/wp-json\/wp\/v2\/media\/5251"}],"wp:attachment":[{"href":"https:\/\/www.filedoc.com\/ro\/wp-json\/wp\/v2\/media?parent=5593"}],"curies":[{"name":"wp","href":"https:\/\/api.w.org\/{rel}","templated":true}]}}