{"id":5566,"date":"2022-04-08T14:29:01","date_gmt":"2022-04-08T13:29:01","guid":{"rendered":"https:\/\/www.filedoc.com\/transformarea-digitala\/garantir-o-compliance\/"},"modified":"2024-10-11T17:11:48","modified_gmt":"2024-10-11T16:11:48","slug":"asigurarea-conformitatii","status":"publish","type":"page","link":"https:\/\/www.filedoc.com\/ro\/asigurarea-conformitatii\/","title":{"rendered":"Asigurarea Conformit\u0103\u021bii"},"content":{"rendered":"<p>Reglement\u0103rile sunt o realitate din ce \u00een ce mai prezent\u0103 \u00een organiza\u021bii, cu un impact important \u00een consiliile de administra\u021bie ale companiilor, institu\u021biilor financiare, departamentelor de resurse umane, organiza\u021biilor din domeniul s\u0103n\u0103t\u0103\u021bii, etc.<\/p>\n","protected":false},"excerpt":{"rendered":"<p>Reglement\u0103rile sunt o realitate din ce \u00een ce mai prezent\u0103 \u00een organiza\u021bii, cu un impact important \u00een consiliile de administra\u021bie ale companiilor, institu\u021biilor financiare, departamentelor de resurse umane, organiza\u021biilor din domeniul s\u0103n\u0103t\u0103\u021bii, etc.<\/p>\n","protected":false},"author":2,"featured_media":4999,"parent":0,"menu_order":0,"comment_status":"closed","ping_status":"closed","template":"","meta":{"_acf_changed":false,"footnotes":""},"class_list":["post-5566","page","type-page","status-publish","has-post-thumbnail","hentry"],"acf":[],"aioseo_notices":[],"_links":{"self":[{"href":"https:\/\/www.filedoc.com\/ro\/wp-json\/wp\/v2\/pages\/5566","targetHints":{"allow":["GET"]}}],"collection":[{"href":"https:\/\/www.filedoc.com\/ro\/wp-json\/wp\/v2\/pages"}],"about":[{"href":"https:\/\/www.filedoc.com\/ro\/wp-json\/wp\/v2\/types\/page"}],"author":[{"embeddable":true,"href":"https:\/\/www.filedoc.com\/ro\/wp-json\/wp\/v2\/users\/2"}],"replies":[{"embeddable":true,"href":"https:\/\/www.filedoc.com\/ro\/wp-json\/wp\/v2\/comments?post=5566"}],"version-history":[{"count":5,"href":"https:\/\/www.filedoc.com\/ro\/wp-json\/wp\/v2\/pages\/5566\/revisions"}],"predecessor-version":[{"id":7873,"href":"https:\/\/www.filedoc.com\/ro\/wp-json\/wp\/v2\/pages\/5566\/revisions\/7873"}],"wp:featuredmedia":[{"embeddable":true,"href":"https:\/\/www.filedoc.com\/ro\/wp-json\/wp\/v2\/media\/4999"}],"wp:attachment":[{"href":"https:\/\/www.filedoc.com\/ro\/wp-json\/wp\/v2\/media?parent=5566"}],"curies":[{"name":"wp","href":"https:\/\/api.w.org\/{rel}","templated":true}]}}