{"id":5560,"date":"2022-04-08T11:44:53","date_gmt":"2022-04-08T10:44:53","guid":{"rendered":"https:\/\/www.filedoc.com\/transformarea-digitala\/automatizacao-de-processos\/"},"modified":"2024-10-11T17:30:19","modified_gmt":"2024-10-11T16:30:19","slug":"automatizarea-proceselor","status":"publish","type":"page","link":"https:\/\/www.filedoc.com\/ro\/automatizarea-proceselor\/","title":{"rendered":"Automatizarea Proceselor"},"content":{"rendered":"<p>Managementul proceselor poate deveni mai eficient prin reducerea ciclului de via\u021b\u0103 al circuitului cu p\u00e2n\u0103 la 75% \u00een procesele cheie pentru organiza\u021bie cum ar fi pl\u0103\u021bile c\u0103tre furnizori, managementul contractelor, managementul documentelor si informa\u021biilor pentru resurse umane \u0219i procesele de baz\u0103 ale companiei.<\/p>\n","protected":false},"excerpt":{"rendered":"<p>Managementul proceselor poate deveni mai eficient prin reducerea ciclului de via\u021b\u0103 al circuitului cu p\u00e2n\u0103 la 75% \u00een procesele cheie pentru organiza\u021bie cum ar fi pl\u0103\u021bile c\u0103tre furnizori, managementul contractelor, managementul documentelor si informa\u021biilor pentru resurse umane \u0219i procesele de baz\u0103 ale companiei.<\/p>\n","protected":false},"author":2,"featured_media":5239,"parent":0,"menu_order":0,"comment_status":"closed","ping_status":"closed","template":"","meta":{"_acf_changed":false,"footnotes":""},"class_list":["post-5560","page","type-page","status-publish","has-post-thumbnail","hentry"],"acf":[],"aioseo_notices":[],"_links":{"self":[{"href":"https:\/\/www.filedoc.com\/ro\/wp-json\/wp\/v2\/pages\/5560","targetHints":{"allow":["GET"]}}],"collection":[{"href":"https:\/\/www.filedoc.com\/ro\/wp-json\/wp\/v2\/pages"}],"about":[{"href":"https:\/\/www.filedoc.com\/ro\/wp-json\/wp\/v2\/types\/page"}],"author":[{"embeddable":true,"href":"https:\/\/www.filedoc.com\/ro\/wp-json\/wp\/v2\/users\/2"}],"replies":[{"embeddable":true,"href":"https:\/\/www.filedoc.com\/ro\/wp-json\/wp\/v2\/comments?post=5560"}],"version-history":[{"count":6,"href":"https:\/\/www.filedoc.com\/ro\/wp-json\/wp\/v2\/pages\/5560\/revisions"}],"predecessor-version":[{"id":7902,"href":"https:\/\/www.filedoc.com\/ro\/wp-json\/wp\/v2\/pages\/5560\/revisions\/7902"}],"wp:featuredmedia":[{"embeddable":true,"href":"https:\/\/www.filedoc.com\/ro\/wp-json\/wp\/v2\/media\/5239"}],"wp:attachment":[{"href":"https:\/\/www.filedoc.com\/ro\/wp-json\/wp\/v2\/media?parent=5560"}],"curies":[{"name":"wp","href":"https:\/\/api.w.org\/{rel}","templated":true}]}}