{"id":5549,"date":"2022-04-08T10:40:49","date_gmt":"2022-04-08T09:40:49","guid":{"rendered":"https:\/\/www.filedoc.com\/transformarea-digitala\/gestao-do-workflow\/"},"modified":"2024-10-15T10:27:52","modified_gmt":"2024-10-15T09:27:52","slug":"managementul-fluxurilor-de-lucru","status":"publish","type":"page","link":"https:\/\/www.filedoc.com\/ro\/managementul-fluxurilor-de-lucru\/","title":{"rendered":"Managementul Fluxurilor de Lucru"},"content":{"rendered":"<p>Fluxurile de lucru sunt folosite pentru automatizarea \u0219i transformarea digital\u0103 a proceselor de business.<br \/>\n\u00cen cadrul fluxurilor de lucru se define\u0219te cine execut\u0103, ce execut\u0103, cum execut\u0103 \u0219i c\u00e2nd execut\u0103. Fluxurile de lucru au un punct de pornire bine definit \u0219i sunt alc\u0103tuite din mai mul\u021bi pa\u0219i &#8211; care necesit\u0103 sau nu interven\u021bia factorului uman \u2013 decizii, aprob\u0103ri.<\/p>\n","protected":false},"excerpt":{"rendered":"<p>Fluxurile de lucru sunt folosite pentru automatizarea \u0219i transformarea digital\u0103 a proceselor de business. \u00cen cadrul fluxurilor de lucru se define\u0219te cine execut\u0103, ce execut\u0103, cum execut\u0103 \u0219i c\u00e2nd execut\u0103. Fluxurile de lucru au un punct de pornire bine definit \u0219i sunt alc\u0103tuite din mai mul\u021bi pa\u0219i &#8211; care necesit\u0103 sau nu interven\u021bia factorului uman [&hellip;]<\/p>\n","protected":false},"author":2,"featured_media":5241,"parent":0,"menu_order":0,"comment_status":"closed","ping_status":"closed","template":"","meta":{"_acf_changed":false,"footnotes":""},"class_list":["post-5549","page","type-page","status-publish","has-post-thumbnail","hentry"],"acf":[],"aioseo_notices":[],"_links":{"self":[{"href":"https:\/\/www.filedoc.com\/ro\/wp-json\/wp\/v2\/pages\/5549","targetHints":{"allow":["GET"]}}],"collection":[{"href":"https:\/\/www.filedoc.com\/ro\/wp-json\/wp\/v2\/pages"}],"about":[{"href":"https:\/\/www.filedoc.com\/ro\/wp-json\/wp\/v2\/types\/page"}],"author":[{"embeddable":true,"href":"https:\/\/www.filedoc.com\/ro\/wp-json\/wp\/v2\/users\/2"}],"replies":[{"embeddable":true,"href":"https:\/\/www.filedoc.com\/ro\/wp-json\/wp\/v2\/comments?post=5549"}],"version-history":[{"count":9,"href":"https:\/\/www.filedoc.com\/ro\/wp-json\/wp\/v2\/pages\/5549\/revisions"}],"predecessor-version":[{"id":8359,"href":"https:\/\/www.filedoc.com\/ro\/wp-json\/wp\/v2\/pages\/5549\/revisions\/8359"}],"wp:featuredmedia":[{"embeddable":true,"href":"https:\/\/www.filedoc.com\/ro\/wp-json\/wp\/v2\/media\/5241"}],"wp:attachment":[{"href":"https:\/\/www.filedoc.com\/ro\/wp-json\/wp\/v2\/media?parent=5549"}],"curies":[{"name":"wp","href":"https:\/\/api.w.org\/{rel}","templated":true}]}}