{"id":5531,"date":"2022-04-06T12:23:51","date_gmt":"2022-04-06T11:23:51","guid":{"rendered":"https:\/\/www.filedoc.com\/transformarea-digitala\/desmaterializacao\/"},"modified":"2024-10-11T17:23:26","modified_gmt":"2024-10-11T16:23:26","slug":"transformarea-digitala","status":"publish","type":"page","link":"https:\/\/www.filedoc.com\/ro\/transformarea-digitala\/","title":{"rendered":"Transformarea Digital\u0103"},"content":{"rendered":"<p>Managementul \u00eentreprinz\u0103tor face inova\u021bia \u00een organiza\u021bii (firme, companii, institu\u021bii) o realitate prin introducerea de noi tehnologii \u0219i procese de ultim\u0103 genera\u021bie \u015fi ridicarea lor la un nou nivel de excelen\u0163\u0103.<\/p>\n","protected":false},"excerpt":{"rendered":"<p>Managementul \u00eentreprinz\u0103tor face inova\u021bia \u00een organiza\u021bii (firme, companii, institu\u021bii) o realitate prin introducerea de noi tehnologii \u0219i procese de ultim\u0103 genera\u021bie \u015fi ridicarea lor la un nou nivel de excelen\u0163\u0103.<\/p>\n","protected":false},"author":2,"featured_media":5223,"parent":0,"menu_order":0,"comment_status":"closed","ping_status":"closed","template":"","meta":{"_acf_changed":false,"footnotes":""},"class_list":["post-5531","page","type-page","status-publish","has-post-thumbnail","hentry"],"acf":[],"aioseo_notices":[],"_links":{"self":[{"href":"https:\/\/www.filedoc.com\/ro\/wp-json\/wp\/v2\/pages\/5531","targetHints":{"allow":["GET"]}}],"collection":[{"href":"https:\/\/www.filedoc.com\/ro\/wp-json\/wp\/v2\/pages"}],"about":[{"href":"https:\/\/www.filedoc.com\/ro\/wp-json\/wp\/v2\/types\/page"}],"author":[{"embeddable":true,"href":"https:\/\/www.filedoc.com\/ro\/wp-json\/wp\/v2\/users\/2"}],"replies":[{"embeddable":true,"href":"https:\/\/www.filedoc.com\/ro\/wp-json\/wp\/v2\/comments?post=5531"}],"version-history":[{"count":8,"href":"https:\/\/www.filedoc.com\/ro\/wp-json\/wp\/v2\/pages\/5531\/revisions"}],"predecessor-version":[{"id":7886,"href":"https:\/\/www.filedoc.com\/ro\/wp-json\/wp\/v2\/pages\/5531\/revisions\/7886"}],"wp:featuredmedia":[{"embeddable":true,"href":"https:\/\/www.filedoc.com\/ro\/wp-json\/wp\/v2\/media\/5223"}],"wp:attachment":[{"href":"https:\/\/www.filedoc.com\/ro\/wp-json\/wp\/v2\/media?parent=5531"}],"curies":[{"name":"wp","href":"https:\/\/api.w.org\/{rel}","templated":true}]}}