{"id":9423,"date":"2022-04-12T16:12:26","date_gmt":"2022-04-12T15:12:26","guid":{"rendered":"https:\/\/filedoc.suba-agency.com\/o-filedoc\/sobre-a-empresa\/"},"modified":"2026-01-21T15:53:51","modified_gmt":"2026-01-21T15:53:51","slug":"o-firmie","status":"publish","type":"page","link":"https:\/\/www.filedoc.com\/pl\/o-filedoc\/o-firmie\/","title":{"rendered":"O firmie"},"content":{"rendered":"<p>Filedoc Software dostarcza oprogramowanie do zarz\u0105dzania dokumentami i workflow dla firm na ca\u0142ym \u015bwiecie.<\/p>\n","protected":false},"excerpt":{"rendered":"<p>Filedoc Software dostarcza oprogramowanie do zarz\u0105dzania dokumentami i workflow dla firm na ca\u0142ym \u015bwiecie.<\/p>\n","protected":false},"author":2,"featured_media":9425,"parent":9418,"menu_order":0,"comment_status":"closed","ping_status":"closed","template":"","meta":{"_acf_changed":false,"footnotes":""},"class_list":["post-9423","page","type-page","status-publish","has-post-thumbnail","hentry"],"acf":[],"aioseo_notices":[],"_links":{"self":[{"href":"https:\/\/www.filedoc.com\/pl\/wp-json\/wp\/v2\/pages\/9423","targetHints":{"allow":["GET"]}}],"collection":[{"href":"https:\/\/www.filedoc.com\/pl\/wp-json\/wp\/v2\/pages"}],"about":[{"href":"https:\/\/www.filedoc.com\/pl\/wp-json\/wp\/v2\/types\/page"}],"author":[{"embeddable":true,"href":"https:\/\/www.filedoc.com\/pl\/wp-json\/wp\/v2\/users\/2"}],"replies":[{"embeddable":true,"href":"https:\/\/www.filedoc.com\/pl\/wp-json\/wp\/v2\/comments?post=9423"}],"version-history":[{"count":3,"href":"https:\/\/www.filedoc.com\/pl\/wp-json\/wp\/v2\/pages\/9423\/revisions"}],"predecessor-version":[{"id":9942,"href":"https:\/\/www.filedoc.com\/pl\/wp-json\/wp\/v2\/pages\/9423\/revisions\/9942"}],"up":[{"embeddable":true,"href":"https:\/\/www.filedoc.com\/pl\/wp-json\/wp\/v2\/pages\/9418"}],"wp:featuredmedia":[{"embeddable":true,"href":"https:\/\/www.filedoc.com\/pl\/wp-json\/wp\/v2\/media\/9425"}],"wp:attachment":[{"href":"https:\/\/www.filedoc.com\/pl\/wp-json\/wp\/v2\/media?parent=9423"}],"curies":[{"name":"wp","href":"https:\/\/api.w.org\/{rel}","templated":true}]}}