{"id":9382,"date":"2022-04-06T12:23:51","date_gmt":"2022-04-06T11:23:51","guid":{"rendered":"https:\/\/filedoc.suba-agency.com\/zasoby\/avancar-para-a-desmaterializacao\/"},"modified":"2025-11-05T12:03:00","modified_gmt":"2025-11-05T12:03:00","slug":"przejscie-na-cyfryzacje","status":"publish","type":"page","link":"https:\/\/www.filedoc.com\/pl\/zasoby\/przejscie-na-cyfryzacje\/","title":{"rendered":"Przej\u015bcie na cyfryzacj\u0119"},"content":{"rendered":"<p>Nowoczesne zarz\u0105dzanie sprzyja innowacjom poprzez wprowadzanie technologii i proces\u00f3w nowej generacji, kt\u00f3re podnosz\u0105 poziom dzia\u0142ania organizacji.<\/p>\n","protected":false},"excerpt":{"rendered":"<p>Nowoczesne zarz\u0105dzanie sprzyja innowacjom poprzez wprowadzanie technologii i proces\u00f3w nowej generacji, kt\u00f3re podnosz\u0105 poziom dzia\u0142ania organizacji.<\/p>\n","protected":false},"author":2,"featured_media":9383,"parent":9332,"menu_order":0,"comment_status":"closed","ping_status":"closed","template":"","meta":{"_acf_changed":false,"footnotes":""},"class_list":["post-9382","page","type-page","status-publish","has-post-thumbnail","hentry"],"acf":[],"aioseo_notices":[],"_links":{"self":[{"href":"https:\/\/www.filedoc.com\/pl\/wp-json\/wp\/v2\/pages\/9382","targetHints":{"allow":["GET"]}}],"collection":[{"href":"https:\/\/www.filedoc.com\/pl\/wp-json\/wp\/v2\/pages"}],"about":[{"href":"https:\/\/www.filedoc.com\/pl\/wp-json\/wp\/v2\/types\/page"}],"author":[{"embeddable":true,"href":"https:\/\/www.filedoc.com\/pl\/wp-json\/wp\/v2\/users\/2"}],"replies":[{"embeddable":true,"href":"https:\/\/www.filedoc.com\/pl\/wp-json\/wp\/v2\/comments?post=9382"}],"version-history":[{"count":2,"href":"https:\/\/www.filedoc.com\/pl\/wp-json\/wp\/v2\/pages\/9382\/revisions"}],"predecessor-version":[{"id":9400,"href":"https:\/\/www.filedoc.com\/pl\/wp-json\/wp\/v2\/pages\/9382\/revisions\/9400"}],"up":[{"embeddable":true,"href":"https:\/\/www.filedoc.com\/pl\/wp-json\/wp\/v2\/pages\/9332"}],"wp:featuredmedia":[{"embeddable":true,"href":"https:\/\/www.filedoc.com\/pl\/wp-json\/wp\/v2\/media\/9383"}],"wp:attachment":[{"href":"https:\/\/www.filedoc.com\/pl\/wp-json\/wp\/v2\/media?parent=9382"}],"curies":[{"name":"wp","href":"https:\/\/api.w.org\/{rel}","templated":true}]}}