{"id":9356,"date":"2022-04-12T13:41:51","date_gmt":"2022-04-12T12:41:51","guid":{"rendered":"https:\/\/filedoc.suba-agency.com\/funkcje\/integracao-com-email\/"},"modified":"2025-11-05T11:43:32","modified_gmt":"2025-11-05T11:43:32","slug":"integracja-z-e-mailem","status":"publish","type":"page","link":"https:\/\/www.filedoc.com\/pl\/funkcje\/integracja-z-e-mailem\/","title":{"rendered":"Integracja z e-mailem"},"content":{"rendered":"<p>Filedoc integruje si\u0119 z Microsoft Outlook, umo\u017cliwiaj\u0105c rejestracj\u0119 i archiwizacj\u0119 wiadomo\u015bci e-mail wraz z za\u0142\u0105cznikami w oryginalnym formacie oraz automatyczne uruchamianie workflow.<\/p>\n","protected":false},"excerpt":{"rendered":"<p>Filedoc integruje si\u0119 z Microsoft Outlook, umo\u017cliwiaj\u0105c rejestracj\u0119 i archiwizacj\u0119 wiadomo\u015bci e-mail wraz z za\u0142\u0105cznikami w oryginalnym formacie oraz automatyczne uruchamianie workflow.<\/p>\n","protected":false},"author":2,"featured_media":9358,"parent":9331,"menu_order":0,"comment_status":"closed","ping_status":"closed","template":"","meta":{"_acf_changed":false,"footnotes":""},"class_list":["post-9356","page","type-page","status-publish","has-post-thumbnail","hentry"],"acf":[],"aioseo_notices":[],"_links":{"self":[{"href":"https:\/\/www.filedoc.com\/pl\/wp-json\/wp\/v2\/pages\/9356","targetHints":{"allow":["GET"]}}],"collection":[{"href":"https:\/\/www.filedoc.com\/pl\/wp-json\/wp\/v2\/pages"}],"about":[{"href":"https:\/\/www.filedoc.com\/pl\/wp-json\/wp\/v2\/types\/page"}],"author":[{"embeddable":true,"href":"https:\/\/www.filedoc.com\/pl\/wp-json\/wp\/v2\/users\/2"}],"replies":[{"embeddable":true,"href":"https:\/\/www.filedoc.com\/pl\/wp-json\/wp\/v2\/comments?post=9356"}],"version-history":[{"count":2,"href":"https:\/\/www.filedoc.com\/pl\/wp-json\/wp\/v2\/pages\/9356\/revisions"}],"predecessor-version":[{"id":9377,"href":"https:\/\/www.filedoc.com\/pl\/wp-json\/wp\/v2\/pages\/9356\/revisions\/9377"}],"up":[{"embeddable":true,"href":"https:\/\/www.filedoc.com\/pl\/wp-json\/wp\/v2\/pages\/9331"}],"wp:featuredmedia":[{"embeddable":true,"href":"https:\/\/www.filedoc.com\/pl\/wp-json\/wp\/v2\/media\/9358"}],"wp:attachment":[{"href":"https:\/\/www.filedoc.com\/pl\/wp-json\/wp\/v2\/media?parent=9356"}],"curies":[{"name":"wp","href":"https:\/\/api.w.org\/{rel}","templated":true}]}}