{"id":9353,"date":"2022-04-12T13:30:52","date_gmt":"2022-04-12T12:30:52","guid":{"rendered":"https:\/\/filedoc.suba-agency.com\/funkcje\/formularios-eletronicos\/"},"modified":"2025-11-05T11:41:44","modified_gmt":"2025-11-05T11:41:44","slug":"formularze-elektroniczne","status":"publish","type":"page","link":"https:\/\/www.filedoc.com\/pl\/funkcje\/formularze-elektroniczne\/","title":{"rendered":"Formularze elektroniczne"},"content":{"rendered":"<p>Filedoc umo\u017cliwia szybkie tworzenie formularzy bez programowania, zar\u00f3wno wewn\u0119trznych (dla pracownik\u00f3w), jak i zewn\u0119trznych (dla klient\u00f3w, dostawc\u00f3w, obywateli).<\/p>\n","protected":false},"excerpt":{"rendered":"<p>Filedoc umo\u017cliwia szybkie tworzenie formularzy bez programowania, zar\u00f3wno wewn\u0119trznych (dla pracownik\u00f3w), jak i zewn\u0119trznych (dla klient\u00f3w, dostawc\u00f3w, obywateli).<\/p>\n","protected":false},"author":2,"featured_media":9355,"parent":9331,"menu_order":0,"comment_status":"closed","ping_status":"closed","template":"","meta":{"_acf_changed":false,"footnotes":""},"class_list":["post-9353","page","type-page","status-publish","has-post-thumbnail","hentry"],"acf":[],"aioseo_notices":[],"_links":{"self":[{"href":"https:\/\/www.filedoc.com\/pl\/wp-json\/wp\/v2\/pages\/9353","targetHints":{"allow":["GET"]}}],"collection":[{"href":"https:\/\/www.filedoc.com\/pl\/wp-json\/wp\/v2\/pages"}],"about":[{"href":"https:\/\/www.filedoc.com\/pl\/wp-json\/wp\/v2\/types\/page"}],"author":[{"embeddable":true,"href":"https:\/\/www.filedoc.com\/pl\/wp-json\/wp\/v2\/users\/2"}],"replies":[{"embeddable":true,"href":"https:\/\/www.filedoc.com\/pl\/wp-json\/wp\/v2\/comments?post=9353"}],"version-history":[{"count":2,"href":"https:\/\/www.filedoc.com\/pl\/wp-json\/wp\/v2\/pages\/9353\/revisions"}],"predecessor-version":[{"id":9375,"href":"https:\/\/www.filedoc.com\/pl\/wp-json\/wp\/v2\/pages\/9353\/revisions\/9375"}],"up":[{"embeddable":true,"href":"https:\/\/www.filedoc.com\/pl\/wp-json\/wp\/v2\/pages\/9331"}],"wp:featuredmedia":[{"embeddable":true,"href":"https:\/\/www.filedoc.com\/pl\/wp-json\/wp\/v2\/media\/9355"}],"wp:attachment":[{"href":"https:\/\/www.filedoc.com\/pl\/wp-json\/wp\/v2\/media?parent=9353"}],"curies":[{"name":"wp","href":"https:\/\/api.w.org\/{rel}","templated":true}]}}