{"id":9347,"date":"2022-04-12T10:24:16","date_gmt":"2022-04-12T09:24:16","guid":{"rendered":"https:\/\/filedoc.suba-agency.com\/funkcje\/gestao-de-acessos\/"},"modified":"2025-11-05T11:38:56","modified_gmt":"2025-11-05T11:38:56","slug":"zarzadzanie-dostepem","status":"publish","type":"page","link":"https:\/\/www.filedoc.com\/pl\/funkcje\/zarzadzanie-dostepem\/","title":{"rendered":"Zarz\u0105dzanie dost\u0119pem"},"content":{"rendered":"<p>Filedoc zapewnia pe\u0142n\u0105 kontrol\u0119 nad dost\u0119pem do dowolnego typu dokumentu \u2013 finansowego, umowy, handlowego, kadrowego czy poufnego \u2013 poprzez elastyczny i bezpieczny system uprawnie\u0144.<\/p>\n","protected":false},"excerpt":{"rendered":"<p>Filedoc zapewnia pe\u0142n\u0105 kontrol\u0119 nad dost\u0119pem do dowolnego typu dokumentu \u2013 finansowego, umowy, handlowego, kadrowego czy poufnego \u2013 poprzez elastyczny i bezpieczny system uprawnie\u0144.<\/p>\n","protected":false},"author":2,"featured_media":9349,"parent":9331,"menu_order":0,"comment_status":"closed","ping_status":"closed","template":"","meta":{"_acf_changed":false,"footnotes":""},"class_list":["post-9347","page","type-page","status-publish","has-post-thumbnail","hentry"],"acf":[],"aioseo_notices":[],"_links":{"self":[{"href":"https:\/\/www.filedoc.com\/pl\/wp-json\/wp\/v2\/pages\/9347","targetHints":{"allow":["GET"]}}],"collection":[{"href":"https:\/\/www.filedoc.com\/pl\/wp-json\/wp\/v2\/pages"}],"about":[{"href":"https:\/\/www.filedoc.com\/pl\/wp-json\/wp\/v2\/types\/page"}],"author":[{"embeddable":true,"href":"https:\/\/www.filedoc.com\/pl\/wp-json\/wp\/v2\/users\/2"}],"replies":[{"embeddable":true,"href":"https:\/\/www.filedoc.com\/pl\/wp-json\/wp\/v2\/comments?post=9347"}],"version-history":[{"count":2,"href":"https:\/\/www.filedoc.com\/pl\/wp-json\/wp\/v2\/pages\/9347\/revisions"}],"predecessor-version":[{"id":9371,"href":"https:\/\/www.filedoc.com\/pl\/wp-json\/wp\/v2\/pages\/9347\/revisions\/9371"}],"up":[{"embeddable":true,"href":"https:\/\/www.filedoc.com\/pl\/wp-json\/wp\/v2\/pages\/9331"}],"wp:featuredmedia":[{"embeddable":true,"href":"https:\/\/www.filedoc.com\/pl\/wp-json\/wp\/v2\/media\/9349"}],"wp:attachment":[{"href":"https:\/\/www.filedoc.com\/pl\/wp-json\/wp\/v2\/media?parent=9347"}],"curies":[{"name":"wp","href":"https:\/\/api.w.org\/{rel}","templated":true}]}}