{"id":9341,"date":"2022-04-12T11:41:04","date_gmt":"2022-04-12T10:41:04","guid":{"rendered":"https:\/\/filedoc.suba-agency.com\/funkcje\/gestao-de-tarefas-pendentes\/"},"modified":"2025-11-05T11:32:03","modified_gmt":"2025-11-05T11:32:03","slug":"zarzadzanie-zadaniami-oczekujacymi","status":"publish","type":"page","link":"https:\/\/www.filedoc.com\/pl\/funkcje\/zarzadzanie-zadaniami-oczekujacymi\/","title":{"rendered":"Zarz\u0105dzanie zadaniami oczekuj\u0105cymi"},"content":{"rendered":"<p>Filedoc udost\u0119pnia kompletny system zarz\u0105dzania zadaniami oczekuj\u0105cymi, kt\u00f3ry pomaga zapewni\u0107, \u017ce \u017cadna czynno\u015b\u0107 ani termin nie zostanie pomini\u0119ty.<\/p>\n","protected":false},"excerpt":{"rendered":"<p>Filedoc udost\u0119pnia kompletny system zarz\u0105dzania zadaniami oczekuj\u0105cymi, kt\u00f3ry pomaga zapewni\u0107, \u017ce \u017cadna czynno\u015b\u0107 ani termin nie zostanie pomini\u0119ty.<\/p>\n","protected":false},"author":2,"featured_media":9343,"parent":9331,"menu_order":0,"comment_status":"closed","ping_status":"closed","template":"","meta":{"_acf_changed":false,"footnotes":""},"class_list":["post-9341","page","type-page","status-publish","has-post-thumbnail","hentry"],"acf":[],"aioseo_notices":[],"_links":{"self":[{"href":"https:\/\/www.filedoc.com\/pl\/wp-json\/wp\/v2\/pages\/9341","targetHints":{"allow":["GET"]}}],"collection":[{"href":"https:\/\/www.filedoc.com\/pl\/wp-json\/wp\/v2\/pages"}],"about":[{"href":"https:\/\/www.filedoc.com\/pl\/wp-json\/wp\/v2\/types\/page"}],"author":[{"embeddable":true,"href":"https:\/\/www.filedoc.com\/pl\/wp-json\/wp\/v2\/users\/2"}],"replies":[{"embeddable":true,"href":"https:\/\/www.filedoc.com\/pl\/wp-json\/wp\/v2\/comments?post=9341"}],"version-history":[{"count":2,"href":"https:\/\/www.filedoc.com\/pl\/wp-json\/wp\/v2\/pages\/9341\/revisions"}],"predecessor-version":[{"id":9368,"href":"https:\/\/www.filedoc.com\/pl\/wp-json\/wp\/v2\/pages\/9341\/revisions\/9368"}],"up":[{"embeddable":true,"href":"https:\/\/www.filedoc.com\/pl\/wp-json\/wp\/v2\/pages\/9331"}],"wp:featuredmedia":[{"embeddable":true,"href":"https:\/\/www.filedoc.com\/pl\/wp-json\/wp\/v2\/media\/9343"}],"wp:attachment":[{"href":"https:\/\/www.filedoc.com\/pl\/wp-json\/wp\/v2\/media?parent=9341"}],"curies":[{"name":"wp","href":"https:\/\/api.w.org\/{rel}","templated":true}]}}