{"id":9323,"date":"2022-04-12T10:01:25","date_gmt":"2022-04-12T09:01:25","guid":{"rendered":"https:\/\/filedoc.suba-agency.com\/portal-filedoc\/"},"modified":"2025-11-05T11:04:09","modified_gmt":"2025-11-05T11:04:09","slug":"portal-filedoc","status":"publish","type":"page","link":"https:\/\/www.filedoc.com\/pl\/plataforma\/portal-filedoc\/","title":{"rendered":"Portal Filedoc"},"content":{"rendered":"<p>Portal Filedoc zosta\u0142 zaprojektowany tak, aby umo\u017cliwi\u0107 podmiotom trzecim \u2014 dostawcom, partnerom, konsultantom lub innym uczestnikom zewn\u0119trznym \u2014 kontrolowany dost\u0119p do istotnych informacji organizacji, przesy\u0142anie dokument\u00f3w, interakcj\u0119 z okre\u015blonymi procesami oraz monitorowanie ich stanu w czasie rzeczywistym.<\/p>\n","protected":false},"excerpt":{"rendered":"<p>Portal Filedoc zosta\u0142 zaprojektowany tak, aby umo\u017cliwi\u0107 podmiotom trzecim \u2014 dostawcom, partnerom, konsultantom lub innym uczestnikom zewn\u0119trznym \u2014 kontrolowany dost\u0119p do istotnych informacji organizacji, przesy\u0142anie dokument\u00f3w, interakcj\u0119 z okre\u015blonymi procesami oraz monitorowanie ich stanu w czasie rzeczywistym.<\/p>\n","protected":false},"author":2,"featured_media":9324,"parent":9395,"menu_order":0,"comment_status":"closed","ping_status":"closed","template":"","meta":{"_acf_changed":false,"footnotes":""},"class_list":["post-9323","page","type-page","status-publish","has-post-thumbnail","hentry"],"acf":[],"aioseo_notices":[],"_links":{"self":[{"href":"https:\/\/www.filedoc.com\/pl\/wp-json\/wp\/v2\/pages\/9323","targetHints":{"allow":["GET"]}}],"collection":[{"href":"https:\/\/www.filedoc.com\/pl\/wp-json\/wp\/v2\/pages"}],"about":[{"href":"https:\/\/www.filedoc.com\/pl\/wp-json\/wp\/v2\/types\/page"}],"author":[{"embeddable":true,"href":"https:\/\/www.filedoc.com\/pl\/wp-json\/wp\/v2\/users\/2"}],"replies":[{"embeddable":true,"href":"https:\/\/www.filedoc.com\/pl\/wp-json\/wp\/v2\/comments?post=9323"}],"version-history":[{"count":1,"href":"https:\/\/www.filedoc.com\/pl\/wp-json\/wp\/v2\/pages\/9323\/revisions"}],"predecessor-version":[{"id":9330,"href":"https:\/\/www.filedoc.com\/pl\/wp-json\/wp\/v2\/pages\/9323\/revisions\/9330"}],"up":[{"embeddable":true,"href":"https:\/\/www.filedoc.com\/pl\/wp-json\/wp\/v2\/pages\/9395"}],"wp:featuredmedia":[{"embeddable":true,"href":"https:\/\/www.filedoc.com\/pl\/wp-json\/wp\/v2\/media\/9324"}],"wp:attachment":[{"href":"https:\/\/www.filedoc.com\/pl\/wp-json\/wp\/v2\/media?parent=9323"}],"curies":[{"name":"wp","href":"https:\/\/api.w.org\/{rel}","templated":true}]}}