{"id":9294,"date":"2024-10-11T16:37:27","date_gmt":"2024-10-11T15:37:27","guid":{"rendered":"https:\/\/filedoc.suba-agency.com\/cognify-ia-data-revolution\/"},"modified":"2025-11-05T10:45:31","modified_gmt":"2025-11-05T10:45:31","slug":"cognify-ia-data-revolution","status":"publish","type":"page","link":"https:\/\/www.filedoc.com\/pl\/cognify-ia-data-revolution\/","title":{"rendered":"Cogniffy \u2013 IA Data Revolution"},"content":{"rendered":"<p>Cogniffy to platforma sztucznej inteligencji przekszta\u0142caj\u0105ca dane w u\u017cyteczn\u0105 wiedz\u0119 wspieraj\u0105c\u0105 podejmowanie decyzji.<\/p>\n","protected":false},"excerpt":{"rendered":"<p>Cogniffy to platforma sztucznej inteligencji przekszta\u0142caj\u0105ca dane w u\u017cyteczn\u0105 wiedz\u0119 wspieraj\u0105c\u0105 podejmowanie decyzji.<\/p>\n","protected":false},"author":2,"featured_media":9296,"parent":0,"menu_order":0,"comment_status":"closed","ping_status":"closed","template":"","meta":{"_acf_changed":false,"footnotes":""},"class_list":["post-9294","page","type-page","status-publish","has-post-thumbnail","hentry"],"acf":[],"aioseo_notices":[],"_links":{"self":[{"href":"https:\/\/www.filedoc.com\/pl\/wp-json\/wp\/v2\/pages\/9294","targetHints":{"allow":["GET"]}}],"collection":[{"href":"https:\/\/www.filedoc.com\/pl\/wp-json\/wp\/v2\/pages"}],"about":[{"href":"https:\/\/www.filedoc.com\/pl\/wp-json\/wp\/v2\/types\/page"}],"author":[{"embeddable":true,"href":"https:\/\/www.filedoc.com\/pl\/wp-json\/wp\/v2\/users\/2"}],"replies":[{"embeddable":true,"href":"https:\/\/www.filedoc.com\/pl\/wp-json\/wp\/v2\/comments?post=9294"}],"version-history":[{"count":2,"href":"https:\/\/www.filedoc.com\/pl\/wp-json\/wp\/v2\/pages\/9294\/revisions"}],"predecessor-version":[{"id":9312,"href":"https:\/\/www.filedoc.com\/pl\/wp-json\/wp\/v2\/pages\/9294\/revisions\/9312"}],"wp:featuredmedia":[{"embeddable":true,"href":"https:\/\/www.filedoc.com\/pl\/wp-json\/wp\/v2\/media\/9296"}],"wp:attachment":[{"href":"https:\/\/www.filedoc.com\/pl\/wp-json\/wp\/v2\/media?parent=9294"}],"curies":[{"name":"wp","href":"https:\/\/api.w.org\/{rel}","templated":true}]}}