{"id":9292,"date":"2022-04-12T08:05:30","date_gmt":"2022-04-12T07:05:30","guid":{"rendered":"https:\/\/filedoc.suba-agency.com\/filedoc-cloud-services\/"},"modified":"2025-11-05T10:44:11","modified_gmt":"2025-11-05T10:44:11","slug":"filedoc-cloud-services","status":"publish","type":"page","link":"https:\/\/www.filedoc.com\/pl\/plataforma\/filedoc-cloud-services\/","title":{"rendered":"Filedoc Cloud Services"},"content":{"rendered":"<p>Filedoc Cloud Services to us\u0142uga oferowana przez Filedoc, dzia\u0142aj\u0105ca w naszej bezpiecznej infrastrukturze, maj\u0105ca na celu zapewnienie chronionej i szyfrowanej komunikacji pomi\u0119dzy rozwi\u0105zaniem Filedoc klienta a kana\u0142ami zewn\u0119trznymi jego organizacji.<\/p>\n","protected":false},"excerpt":{"rendered":"<p>Filedoc Cloud Services to us\u0142uga oferowana przez Filedoc, dzia\u0142aj\u0105ca w naszej bezpiecznej infrastrukturze, maj\u0105ca na celu zapewnienie chronionej i szyfrowanej komunikacji pomi\u0119dzy rozwi\u0105zaniem Filedoc klienta a kana\u0142ami zewn\u0119trznymi jego organizacji.<\/p>\n","protected":false},"author":2,"featured_media":9293,"parent":9395,"menu_order":0,"comment_status":"closed","ping_status":"closed","template":"","meta":{"_acf_changed":false,"footnotes":""},"class_list":["post-9292","page","type-page","status-publish","has-post-thumbnail","hentry"],"acf":[],"aioseo_notices":[],"_links":{"self":[{"href":"https:\/\/www.filedoc.com\/pl\/wp-json\/wp\/v2\/pages\/9292","targetHints":{"allow":["GET"]}}],"collection":[{"href":"https:\/\/www.filedoc.com\/pl\/wp-json\/wp\/v2\/pages"}],"about":[{"href":"https:\/\/www.filedoc.com\/pl\/wp-json\/wp\/v2\/types\/page"}],"author":[{"embeddable":true,"href":"https:\/\/www.filedoc.com\/pl\/wp-json\/wp\/v2\/users\/2"}],"replies":[{"embeddable":true,"href":"https:\/\/www.filedoc.com\/pl\/wp-json\/wp\/v2\/comments?post=9292"}],"version-history":[{"count":2,"href":"https:\/\/www.filedoc.com\/pl\/wp-json\/wp\/v2\/pages\/9292\/revisions"}],"predecessor-version":[{"id":9311,"href":"https:\/\/www.filedoc.com\/pl\/wp-json\/wp\/v2\/pages\/9292\/revisions\/9311"}],"up":[{"embeddable":true,"href":"https:\/\/www.filedoc.com\/pl\/wp-json\/wp\/v2\/pages\/9395"}],"wp:featuredmedia":[{"embeddable":true,"href":"https:\/\/www.filedoc.com\/pl\/wp-json\/wp\/v2\/media\/9293"}],"wp:attachment":[{"href":"https:\/\/www.filedoc.com\/pl\/wp-json\/wp\/v2\/media?parent=9292"}],"curies":[{"name":"wp","href":"https:\/\/api.w.org\/{rel}","templated":true}]}}