{"id":9290,"date":"2022-04-11T17:17:52","date_gmt":"2022-04-11T16:17:52","guid":{"rendered":"https:\/\/filedoc.suba-agency.com\/implementacao-on-premises-ou-na-cloud\/"},"modified":"2025-11-05T10:43:04","modified_gmt":"2025-11-05T10:43:04","slug":"wdrozenie-lokalne-lub-w-chmurze","status":"publish","type":"page","link":"https:\/\/www.filedoc.com\/pl\/plataforma\/wdrozenie-lokalne-lub-w-chmurze\/","title":{"rendered":"Wdro\u017cenie lokalne lub w chmurze"},"content":{"rendered":"<p>O Filedoc \u00e9 poss\u00edvel de ser instalado no modelo que melhor se adapta \u00e0 infraestrutura inform\u00e1tica de cada organiza\u00e7\u00e3o. Atualmente pode ser instalado localmente ou na nuvem onde ambos fornecem as mesmas funcionalidades, a mesma interface de utilizador e as mesmas capacidades de integra\u00e7\u00e3o.<\/p>\n","protected":false},"excerpt":{"rendered":"<p>O Filedoc \u00e9 poss\u00edvel de ser instalado no modelo que melhor se adapta \u00e0 infraestrutura inform\u00e1tica de cada organiza\u00e7\u00e3o. Atualmente pode ser instalado localmente ou na nuvem onde ambos fornecem as mesmas funcionalidades, a mesma interface de utilizador e as mesmas capacidades de integra\u00e7\u00e3o.<\/p>\n","protected":false},"author":2,"featured_media":9291,"parent":9395,"menu_order":0,"comment_status":"closed","ping_status":"closed","template":"","meta":{"_acf_changed":false,"footnotes":""},"class_list":["post-9290","page","type-page","status-publish","has-post-thumbnail","hentry"],"acf":[],"aioseo_notices":[],"_links":{"self":[{"href":"https:\/\/www.filedoc.com\/pl\/wp-json\/wp\/v2\/pages\/9290","targetHints":{"allow":["GET"]}}],"collection":[{"href":"https:\/\/www.filedoc.com\/pl\/wp-json\/wp\/v2\/pages"}],"about":[{"href":"https:\/\/www.filedoc.com\/pl\/wp-json\/wp\/v2\/types\/page"}],"author":[{"embeddable":true,"href":"https:\/\/www.filedoc.com\/pl\/wp-json\/wp\/v2\/users\/2"}],"replies":[{"embeddable":true,"href":"https:\/\/www.filedoc.com\/pl\/wp-json\/wp\/v2\/comments?post=9290"}],"version-history":[{"count":2,"href":"https:\/\/www.filedoc.com\/pl\/wp-json\/wp\/v2\/pages\/9290\/revisions"}],"predecessor-version":[{"id":9309,"href":"https:\/\/www.filedoc.com\/pl\/wp-json\/wp\/v2\/pages\/9290\/revisions\/9309"}],"up":[{"embeddable":true,"href":"https:\/\/www.filedoc.com\/pl\/wp-json\/wp\/v2\/pages\/9395"}],"wp:featuredmedia":[{"embeddable":true,"href":"https:\/\/www.filedoc.com\/pl\/wp-json\/wp\/v2\/media\/9291"}],"wp:attachment":[{"href":"https:\/\/www.filedoc.com\/pl\/wp-json\/wp\/v2\/media?parent=9290"}],"curies":[{"name":"wp","href":"https:\/\/api.w.org\/{rel}","templated":true}]}}