{"id":9268,"date":"2022-04-11T16:07:19","date_gmt":"2022-04-11T15:07:19","guid":{"rendered":"https:\/\/filedoc.suba-agency.com\/rgpd\/"},"modified":"2025-11-26T16:27:47","modified_gmt":"2025-11-26T16:27:47","slug":"rodo","status":"publish","type":"page","link":"https:\/\/www.filedoc.com\/pl\/rozwiazania\/rodo\/","title":{"rendered":"RODO"},"content":{"rendered":"<p>RODO, czyli og\u00f3lne rozporz\u0105dzenie o ochronie danych, to zbi\u00f3r europejskich zasad i norm dotycz\u0105cych prywatno\u015bci i zarz\u0105dzania danymi. Rozporz\u0105dzenie to dotyczy zar\u00f3wno przedsi\u0119biorstw europejskich, jak i wszystkich firm prowadz\u0105cych dzia\u0142alno\u015b\u0107 w Europie lub obs\u0142uguj\u0105cych europejskich klient\u00f3w.<\/p>\n","protected":false},"excerpt":{"rendered":"<p>RODO, czyli og\u00f3lne rozporz\u0105dzenie o ochronie danych, to zbi\u00f3r europejskich zasad i norm dotycz\u0105cych prywatno\u015bci i zarz\u0105dzania danymi. Rozporz\u0105dzenie to dotyczy zar\u00f3wno przedsi\u0119biorstw europejskich, jak i wszystkich firm prowadz\u0105cych dzia\u0142alno\u015b\u0107 w Europie lub obs\u0142uguj\u0105cych europejskich klient\u00f3w.<\/p>\n","protected":false},"author":2,"featured_media":9270,"parent":9335,"menu_order":0,"comment_status":"closed","ping_status":"closed","template":"","meta":{"_acf_changed":false,"footnotes":""},"class_list":["post-9268","page","type-page","status-publish","has-post-thumbnail","hentry"],"acf":[],"aioseo_notices":[],"_links":{"self":[{"href":"https:\/\/www.filedoc.com\/pl\/wp-json\/wp\/v2\/pages\/9268","targetHints":{"allow":["GET"]}}],"collection":[{"href":"https:\/\/www.filedoc.com\/pl\/wp-json\/wp\/v2\/pages"}],"about":[{"href":"https:\/\/www.filedoc.com\/pl\/wp-json\/wp\/v2\/types\/page"}],"author":[{"embeddable":true,"href":"https:\/\/www.filedoc.com\/pl\/wp-json\/wp\/v2\/users\/2"}],"replies":[{"embeddable":true,"href":"https:\/\/www.filedoc.com\/pl\/wp-json\/wp\/v2\/comments?post=9268"}],"version-history":[{"count":5,"href":"https:\/\/www.filedoc.com\/pl\/wp-json\/wp\/v2\/pages\/9268\/revisions"}],"predecessor-version":[{"id":9862,"href":"https:\/\/www.filedoc.com\/pl\/wp-json\/wp\/v2\/pages\/9268\/revisions\/9862"}],"up":[{"embeddable":true,"href":"https:\/\/www.filedoc.com\/pl\/wp-json\/wp\/v2\/pages\/9335"}],"wp:featuredmedia":[{"embeddable":true,"href":"https:\/\/www.filedoc.com\/pl\/wp-json\/wp\/v2\/media\/9270"}],"wp:attachment":[{"href":"https:\/\/www.filedoc.com\/pl\/wp-json\/wp\/v2\/media?parent=9268"}],"curies":[{"name":"wp","href":"https:\/\/api.w.org\/{rel}","templated":true}]}}