{"id":9262,"date":"2022-04-08T17:10:13","date_gmt":"2022-04-08T16:10:13","guid":{"rendered":"https:\/\/filedoc.suba-agency.com\/mobilidade\/"},"modified":"2025-11-26T16:26:39","modified_gmt":"2025-11-26T16:26:39","slug":"mobilnosc","status":"publish","type":"page","link":"https:\/\/www.filedoc.com\/pl\/rozwiazania\/mobilnosc\/","title":{"rendered":"Mobilno\u015b\u0107"},"content":{"rendered":"<p>Elastyczno\u015b\u0107 proces\u00f3w biznesowych ro\u015bnie wraz ze wzrostem elastyczno\u015bci pracownik\u00f3w mobilnych i wdro\u017ceniem modelu produktywno\u015bci dost\u0119pnego w dowolnym czasie, miejscu i na dowolnym urz\u0105dzeniu.<\/p>\n","protected":false},"excerpt":{"rendered":"<p>Elastyczno\u015b\u0107 proces\u00f3w biznesowych ro\u015bnie wraz ze wzrostem elastyczno\u015bci pracownik\u00f3w mobilnych i wdro\u017ceniem modelu produktywno\u015bci dost\u0119pnego w dowolnym czasie, miejscu i na dowolnym urz\u0105dzeniu.<\/p>\n","protected":false},"author":2,"featured_media":9264,"parent":9335,"menu_order":0,"comment_status":"closed","ping_status":"closed","template":"","meta":{"_acf_changed":false,"footnotes":""},"class_list":["post-9262","page","type-page","status-publish","has-post-thumbnail","hentry"],"acf":[],"aioseo_notices":[],"_links":{"self":[{"href":"https:\/\/www.filedoc.com\/pl\/wp-json\/wp\/v2\/pages\/9262","targetHints":{"allow":["GET"]}}],"collection":[{"href":"https:\/\/www.filedoc.com\/pl\/wp-json\/wp\/v2\/pages"}],"about":[{"href":"https:\/\/www.filedoc.com\/pl\/wp-json\/wp\/v2\/types\/page"}],"author":[{"embeddable":true,"href":"https:\/\/www.filedoc.com\/pl\/wp-json\/wp\/v2\/users\/2"}],"replies":[{"embeddable":true,"href":"https:\/\/www.filedoc.com\/pl\/wp-json\/wp\/v2\/comments?post=9262"}],"version-history":[{"count":5,"href":"https:\/\/www.filedoc.com\/pl\/wp-json\/wp\/v2\/pages\/9262\/revisions"}],"predecessor-version":[{"id":9861,"href":"https:\/\/www.filedoc.com\/pl\/wp-json\/wp\/v2\/pages\/9262\/revisions\/9861"}],"up":[{"embeddable":true,"href":"https:\/\/www.filedoc.com\/pl\/wp-json\/wp\/v2\/pages\/9335"}],"wp:featuredmedia":[{"embeddable":true,"href":"https:\/\/www.filedoc.com\/pl\/wp-json\/wp\/v2\/media\/9264"}],"wp:attachment":[{"href":"https:\/\/www.filedoc.com\/pl\/wp-json\/wp\/v2\/media?parent=9262"}],"curies":[{"name":"wp","href":"https:\/\/api.w.org\/{rel}","templated":true}]}}