{"id":9254,"date":"2022-04-08T16:52:23","date_gmt":"2022-04-08T15:52:23","guid":{"rendered":"https:\/\/filedoc.suba-agency.com\/arquivo-seguro-de-documentos\/"},"modified":"2025-11-26T16:25:05","modified_gmt":"2025-11-26T16:25:05","slug":"bezpieczne-archiwum-dokumentow","status":"publish","type":"page","link":"https:\/\/www.filedoc.com\/pl\/rozwiazania\/bezpieczne-archiwum-dokumentow\/","title":{"rendered":"Bezpieczne archiwum dokument\u00f3w"},"content":{"rendered":"<p>Posiadanie bezpiecznego systemu archiwizacji, zdolnego do ochrony i przechowywania krytycznych dokument\u00f3w, takich jak dokumenty finansowe i handlowe, akta pracownik\u00f3w, umowy, informacje poufne oraz wszelkie inne tre\u015bci strategiczne, jest kluczowe dla ka\u017cdej organizacji.<\/p>\n","protected":false},"excerpt":{"rendered":"<p>Posiadanie bezpiecznego systemu archiwizacji, zdolnego do ochrony i przechowywania krytycznych dokument\u00f3w, takich jak dokumenty finansowe i handlowe, akta pracownik\u00f3w, umowy, informacje poufne oraz wszelkie inne tre\u015bci strategiczne, jest kluczowe dla ka\u017cdej organizacji.<\/p>\n","protected":false},"author":2,"featured_media":9255,"parent":9335,"menu_order":0,"comment_status":"closed","ping_status":"closed","template":"","meta":{"_acf_changed":false,"footnotes":""},"class_list":["post-9254","page","type-page","status-publish","has-post-thumbnail","hentry"],"acf":[],"aioseo_notices":[],"_links":{"self":[{"href":"https:\/\/www.filedoc.com\/pl\/wp-json\/wp\/v2\/pages\/9254","targetHints":{"allow":["GET"]}}],"collection":[{"href":"https:\/\/www.filedoc.com\/pl\/wp-json\/wp\/v2\/pages"}],"about":[{"href":"https:\/\/www.filedoc.com\/pl\/wp-json\/wp\/v2\/types\/page"}],"author":[{"embeddable":true,"href":"https:\/\/www.filedoc.com\/pl\/wp-json\/wp\/v2\/users\/2"}],"replies":[{"embeddable":true,"href":"https:\/\/www.filedoc.com\/pl\/wp-json\/wp\/v2\/comments?post=9254"}],"version-history":[{"count":3,"href":"https:\/\/www.filedoc.com\/pl\/wp-json\/wp\/v2\/pages\/9254\/revisions"}],"predecessor-version":[{"id":9860,"href":"https:\/\/www.filedoc.com\/pl\/wp-json\/wp\/v2\/pages\/9254\/revisions\/9860"}],"up":[{"embeddable":true,"href":"https:\/\/www.filedoc.com\/pl\/wp-json\/wp\/v2\/pages\/9335"}],"wp:featuredmedia":[{"embeddable":true,"href":"https:\/\/www.filedoc.com\/pl\/wp-json\/wp\/v2\/media\/9255"}],"wp:attachment":[{"href":"https:\/\/www.filedoc.com\/pl\/wp-json\/wp\/v2\/media?parent=9254"}],"curies":[{"name":"wp","href":"https:\/\/api.w.org\/{rel}","templated":true}]}}