{"id":9251,"date":"2022-04-08T16:44:29","date_gmt":"2022-04-08T15:44:29","guid":{"rendered":"https:\/\/filedoc.suba-agency.com\/gestao-de-documentos-em-vendas-e-marketing\/"},"modified":"2025-11-26T16:22:58","modified_gmt":"2025-11-26T16:22:58","slug":"zarzadzanie-dokumentami-w-sprzedazy-i-marketingu","status":"publish","type":"page","link":"https:\/\/www.filedoc.com\/pl\/rozwiazania\/zarzadzanie-dokumentami-w-sprzedazy-i-marketingu\/","title":{"rendered":"Zarz\u0105dzanie dokumentami w sprzeda\u017cy i marketingu"},"content":{"rendered":"<p>Wed\u0142ug IDC, pracownicy trac\u0105 znaczn\u0105 ilo\u015b\u0107 czasu na problemy z dokumentami, co wyd\u0142u\u017ca cykle sprzeda\u017cy i obni\u017ca satysfakcj\u0119 klient\u00f3w.<\/p>\n","protected":false},"excerpt":{"rendered":"<p>Wed\u0142ug IDC, pracownicy trac\u0105 znaczn\u0105 ilo\u015b\u0107 czasu na problemy z dokumentami, co wyd\u0142u\u017ca cykle sprzeda\u017cy i obni\u017ca satysfakcj\u0119 klient\u00f3w.<\/p>\n","protected":false},"author":2,"featured_media":9253,"parent":9335,"menu_order":0,"comment_status":"closed","ping_status":"closed","template":"","meta":{"_acf_changed":false,"footnotes":""},"class_list":["post-9251","page","type-page","status-publish","has-post-thumbnail","hentry"],"acf":[],"aioseo_notices":[],"_links":{"self":[{"href":"https:\/\/www.filedoc.com\/pl\/wp-json\/wp\/v2\/pages\/9251","targetHints":{"allow":["GET"]}}],"collection":[{"href":"https:\/\/www.filedoc.com\/pl\/wp-json\/wp\/v2\/pages"}],"about":[{"href":"https:\/\/www.filedoc.com\/pl\/wp-json\/wp\/v2\/types\/page"}],"author":[{"embeddable":true,"href":"https:\/\/www.filedoc.com\/pl\/wp-json\/wp\/v2\/users\/2"}],"replies":[{"embeddable":true,"href":"https:\/\/www.filedoc.com\/pl\/wp-json\/wp\/v2\/comments?post=9251"}],"version-history":[{"count":3,"href":"https:\/\/www.filedoc.com\/pl\/wp-json\/wp\/v2\/pages\/9251\/revisions"}],"predecessor-version":[{"id":9859,"href":"https:\/\/www.filedoc.com\/pl\/wp-json\/wp\/v2\/pages\/9251\/revisions\/9859"}],"up":[{"embeddable":true,"href":"https:\/\/www.filedoc.com\/pl\/wp-json\/wp\/v2\/pages\/9335"}],"wp:featuredmedia":[{"embeddable":true,"href":"https:\/\/www.filedoc.com\/pl\/wp-json\/wp\/v2\/media\/9253"}],"wp:attachment":[{"href":"https:\/\/www.filedoc.com\/pl\/wp-json\/wp\/v2\/media?parent=9251"}],"curies":[{"name":"wp","href":"https:\/\/api.w.org\/{rel}","templated":true}]}}