{"id":9247,"date":"2021-07-30T13:07:52","date_gmt":"2021-07-30T12:07:52","guid":{"rendered":"https:\/\/filedoc.suba-agency.com\/contactos\/"},"modified":"2025-11-05T15:47:18","modified_gmt":"2025-11-05T15:47:18","slug":"kontakty","status":"publish","type":"page","link":"https:\/\/www.filedoc.com\/pl\/kontakty\/","title":{"rendered":"Kontakty"},"content":{"rendered":"<p>Masz pytania lub chcesz dowiedzie\u0107 si\u0119 wi\u0119cej? Jeste\u015bmy tu, aby Ci pom\u00f3c.<\/p>\n<p>Filecoc Software jest obecne w wielu krajach.<br \/>\nAby uzyska\u0107 dane kontaktowe najbli\u017cszego partnera lub wi\u0119cej informacji, skontaktuj si\u0119 z nami.<\/p>\n","protected":false},"excerpt":{"rendered":"<p>Masz pytania lub chcesz dowiedzie\u0107 si\u0119 wi\u0119cej? Jeste\u015bmy tu, aby Ci pom\u00f3c. Filecoc Software jest obecne w wielu krajach. Aby uzyska\u0107 dane kontaktowe najbli\u017cszego partnera lub wi\u0119cej informacji, skontaktuj si\u0119 z nami.<\/p>\n","protected":false},"author":2,"featured_media":9248,"parent":0,"menu_order":0,"comment_status":"closed","ping_status":"closed","template":"","meta":{"_acf_changed":false,"footnotes":""},"class_list":["post-9247","page","type-page","status-publish","has-post-thumbnail","hentry"],"acf":[],"aioseo_notices":[],"_links":{"self":[{"href":"https:\/\/www.filedoc.com\/pl\/wp-json\/wp\/v2\/pages\/9247","targetHints":{"allow":["GET"]}}],"collection":[{"href":"https:\/\/www.filedoc.com\/pl\/wp-json\/wp\/v2\/pages"}],"about":[{"href":"https:\/\/www.filedoc.com\/pl\/wp-json\/wp\/v2\/types\/page"}],"author":[{"embeddable":true,"href":"https:\/\/www.filedoc.com\/pl\/wp-json\/wp\/v2\/users\/2"}],"replies":[{"embeddable":true,"href":"https:\/\/www.filedoc.com\/pl\/wp-json\/wp\/v2\/comments?post=9247"}],"version-history":[{"count":3,"href":"https:\/\/www.filedoc.com\/pl\/wp-json\/wp\/v2\/pages\/9247\/revisions"}],"predecessor-version":[{"id":9539,"href":"https:\/\/www.filedoc.com\/pl\/wp-json\/wp\/v2\/pages\/9247\/revisions\/9539"}],"wp:featuredmedia":[{"embeddable":true,"href":"https:\/\/www.filedoc.com\/pl\/wp-json\/wp\/v2\/media\/9248"}],"wp:attachment":[{"href":"https:\/\/www.filedoc.com\/pl\/wp-json\/wp\/v2\/media?parent=9247"}],"curies":[{"name":"wp","href":"https:\/\/api.w.org\/{rel}","templated":true}]}}