{"id":9229,"date":"2022-04-13T15:01:56","date_gmt":"2022-04-13T14:01:56","guid":{"rendered":"https:\/\/filedoc.suba-agency.com\/parceiros\/"},"modified":"2025-11-06T16:01:39","modified_gmt":"2025-11-06T16:01:39","slug":"partnerzy","status":"publish","type":"page","link":"https:\/\/www.filedoc.com\/pl\/partnerzy\/","title":{"rendered":"Partnerzy"},"content":{"rendered":"<p>Zdob\u0105d\u017a wi\u0119cej klient\u00f3w, uzupe\u0142niaj\u0105c swoj\u0105 aktualn\u0105 ofert\u0119 o oprogramowanie do zarz\u0105dzania dokumentami, procesami i przep\u0142ywem pracy Filedoc, innowacyjne narz\u0119dzie o wysokim poziomie bezpiecze\u0144stwa i niezawodno\u015bci, kt\u00f3re zapewni rozw\u00f3j, wzrost i rentowno\u015b\u0107 Twojej firmy. aaaaaaaaa<\/p>\n","protected":false},"excerpt":{"rendered":"<p>Zdob\u0105d\u017a wi\u0119cej klient\u00f3w, uzupe\u0142niaj\u0105c swoj\u0105 aktualn\u0105 ofert\u0119 o oprogramowanie do zarz\u0105dzania dokumentami, procesami i przep\u0142ywem pracy Filedoc, innowacyjne narz\u0119dzie o wysokim poziomie bezpiecze\u0144stwa i niezawodno\u015bci, kt\u00f3re zapewni rozw\u00f3j, wzrost i rentowno\u015b\u0107 Twojej firmy. aaaaaaaaa<\/p>\n","protected":false},"author":7,"featured_media":9230,"parent":0,"menu_order":0,"comment_status":"closed","ping_status":"closed","template":"","meta":{"_acf_changed":false,"footnotes":""},"class_list":["post-9229","page","type-page","status-publish","has-post-thumbnail","hentry"],"acf":[],"aioseo_notices":[],"_links":{"self":[{"href":"https:\/\/www.filedoc.com\/pl\/wp-json\/wp\/v2\/pages\/9229","targetHints":{"allow":["GET"]}}],"collection":[{"href":"https:\/\/www.filedoc.com\/pl\/wp-json\/wp\/v2\/pages"}],"about":[{"href":"https:\/\/www.filedoc.com\/pl\/wp-json\/wp\/v2\/types\/page"}],"author":[{"embeddable":true,"href":"https:\/\/www.filedoc.com\/pl\/wp-json\/wp\/v2\/users\/7"}],"replies":[{"embeddable":true,"href":"https:\/\/www.filedoc.com\/pl\/wp-json\/wp\/v2\/comments?post=9229"}],"version-history":[{"count":4,"href":"https:\/\/www.filedoc.com\/pl\/wp-json\/wp\/v2\/pages\/9229\/revisions"}],"predecessor-version":[{"id":9598,"href":"https:\/\/www.filedoc.com\/pl\/wp-json\/wp\/v2\/pages\/9229\/revisions\/9598"}],"wp:featuredmedia":[{"embeddable":true,"href":"https:\/\/www.filedoc.com\/pl\/wp-json\/wp\/v2\/media\/9230"}],"wp:attachment":[{"href":"https:\/\/www.filedoc.com\/pl\/wp-json\/wp\/v2\/media?parent=9229"}],"curies":[{"name":"wp","href":"https:\/\/api.w.org\/{rel}","templated":true}]}}