{"id":9223,"date":"2024-09-17T19:16:48","date_gmt":"2024-09-17T18:16:48","guid":{"rendered":"https:\/\/filedoc.suba-agency.com\/homepage-v2\/"},"modified":"2025-11-06T09:18:15","modified_gmt":"2025-11-06T09:18:15","slug":"homepage-v2","status":"publish","type":"page","link":"https:\/\/www.filedoc.com\/pl\/","title":{"rendered":"Oprogramowanie do zarz\u0105dzania dokumentami i workflow"},"content":{"rendered":"<p>Filedoc to oprogramowanie do zarz\u0105dzania dokumentami i automatyzacji proces\u00f3w, dost\u0119pne z dowolnego miejsca.<\/p>\n<p>Dzi\u0119ki tysi\u0105com instalacji gwarantuje, \u017ce informacje s\u0105 zawsze bezpieczne, zgodne z przepisami i u\u017cyteczne.<\/p>\n<p>&nbsp;<\/p>\n","protected":false},"excerpt":{"rendered":"<p>Filedoc to oprogramowanie do zarz\u0105dzania dokumentami i automatyzacji proces\u00f3w, dost\u0119pne z dowolnego miejsca. Dzi\u0119ki tysi\u0105com instalacji gwarantuje, \u017ce informacje s\u0105 zawsze bezpieczne, zgodne z przepisami i u\u017cyteczne. &nbsp;<\/p>\n","protected":false},"author":2,"featured_media":0,"parent":0,"menu_order":0,"comment_status":"closed","ping_status":"closed","template":"","meta":{"_acf_changed":false,"footnotes":""},"class_list":["post-9223","page","type-page","status-publish","hentry"],"acf":[],"aioseo_notices":[],"_links":{"self":[{"href":"https:\/\/www.filedoc.com\/pl\/wp-json\/wp\/v2\/pages\/9223","targetHints":{"allow":["GET"]}}],"collection":[{"href":"https:\/\/www.filedoc.com\/pl\/wp-json\/wp\/v2\/pages"}],"about":[{"href":"https:\/\/www.filedoc.com\/pl\/wp-json\/wp\/v2\/types\/page"}],"author":[{"embeddable":true,"href":"https:\/\/www.filedoc.com\/pl\/wp-json\/wp\/v2\/users\/2"}],"replies":[{"embeddable":true,"href":"https:\/\/www.filedoc.com\/pl\/wp-json\/wp\/v2\/comments?post=9223"}],"version-history":[{"count":5,"href":"https:\/\/www.filedoc.com\/pl\/wp-json\/wp\/v2\/pages\/9223\/revisions"}],"predecessor-version":[{"id":9541,"href":"https:\/\/www.filedoc.com\/pl\/wp-json\/wp\/v2\/pages\/9223\/revisions\/9541"}],"wp:attachment":[{"href":"https:\/\/www.filedoc.com\/pl\/wp-json\/wp\/v2\/media?parent=9223"}],"curies":[{"name":"wp","href":"https:\/\/api.w.org\/{rel}","templated":true}]}}