{"id":9883,"date":"2025-11-27T09:55:13","date_gmt":"2025-11-27T09:55:13","guid":{"rendered":"https:\/\/www.filedoc.com\/gestao-da-qualidade\/"},"modified":"2025-11-27T10:02:26","modified_gmt":"2025-11-27T10:02:26","slug":"gestion-de-la-calidad","status":"publish","type":"page","link":"https:\/\/www.filedoc.com\/es\/gestion-de-la-calidad\/","title":{"rendered":"Gesti\u00f3n de la Calidad"},"content":{"rendered":"<p>El m\u00f3dulo de Gesti\u00f3n de la Calidad de Filedoc permite implementar, mantener y mejorar sistemas de calidad alineados con la norma ISO 9001, garantizando que todas las pol\u00edticas, procedimientos e instrucciones de trabajo est\u00e9n controlados de forma rigurosa, auditable y totalmente digital.<\/p>\n","protected":false},"excerpt":{"rendered":"<p>El m\u00f3dulo de Gesti\u00f3n de la Calidad de Filedoc permite implementar, mantener y mejorar sistemas de calidad alineados con la norma ISO 9001, garantizando que todas las pol\u00edticas, procedimientos e instrucciones de trabajo est\u00e9n controlados de forma rigurosa, auditable y totalmente digital.<\/p>\n","protected":false},"author":7,"featured_media":6374,"parent":0,"menu_order":0,"comment_status":"closed","ping_status":"closed","template":"","meta":{"_acf_changed":false,"footnotes":""},"class_list":["post-9883","page","type-page","status-publish","has-post-thumbnail","hentry"],"acf":[],"aioseo_notices":[],"_links":{"self":[{"href":"https:\/\/www.filedoc.com\/es\/wp-json\/wp\/v2\/pages\/9883","targetHints":{"allow":["GET"]}}],"collection":[{"href":"https:\/\/www.filedoc.com\/es\/wp-json\/wp\/v2\/pages"}],"about":[{"href":"https:\/\/www.filedoc.com\/es\/wp-json\/wp\/v2\/types\/page"}],"author":[{"embeddable":true,"href":"https:\/\/www.filedoc.com\/es\/wp-json\/wp\/v2\/users\/7"}],"replies":[{"embeddable":true,"href":"https:\/\/www.filedoc.com\/es\/wp-json\/wp\/v2\/comments?post=9883"}],"version-history":[{"count":2,"href":"https:\/\/www.filedoc.com\/es\/wp-json\/wp\/v2\/pages\/9883\/revisions"}],"predecessor-version":[{"id":9893,"href":"https:\/\/www.filedoc.com\/es\/wp-json\/wp\/v2\/pages\/9883\/revisions\/9893"}],"wp:featuredmedia":[{"embeddable":true,"href":"https:\/\/www.filedoc.com\/es\/wp-json\/wp\/v2\/media\/6374"}],"wp:attachment":[{"href":"https:\/\/www.filedoc.com\/es\/wp-json\/wp\/v2\/media?parent=9883"}],"curies":[{"name":"wp","href":"https:\/\/api.w.org\/{rel}","templated":true}]}}