{"id":9554,"date":"2024-09-17T19:16:48","date_gmt":"2024-09-17T18:16:48","guid":{"rendered":"https:\/\/filedoc.suba-agency.com\/homepage-v2\/"},"modified":"2025-11-06T10:11:53","modified_gmt":"2025-11-06T10:11:53","slug":"homepage-v2","status":"publish","type":"page","link":"https:\/\/www.filedoc.com\/es\/","title":{"rendered":"Software gesti\u00f3n documental y Workflow"},"content":{"rendered":"<p>Filedoc es un software de gesti\u00f3n documental y automatizaci\u00f3n de procesos, accesible desde cualquier lugar.<\/p>\n<p>Con miles de instalaciones, garantiza que la informaci\u00f3n est\u00e9 siempre segura, conforme y utilizable.<\/p>\n","protected":false},"excerpt":{"rendered":"<p>Filedoc es un software de gesti\u00f3n documental y automatizaci\u00f3n de procesos, accesible desde cualquier lugar. Con miles de instalaciones, garantiza que la informaci\u00f3n est\u00e9 siempre segura, conforme y utilizable.<\/p>\n","protected":false},"author":2,"featured_media":0,"parent":0,"menu_order":0,"comment_status":"closed","ping_status":"closed","template":"","meta":{"_acf_changed":false,"footnotes":""},"class_list":["post-9554","page","type-page","status-publish","hentry"],"acf":[],"aioseo_notices":[],"_links":{"self":[{"href":"https:\/\/www.filedoc.com\/es\/wp-json\/wp\/v2\/pages\/9554","targetHints":{"allow":["GET"]}}],"collection":[{"href":"https:\/\/www.filedoc.com\/es\/wp-json\/wp\/v2\/pages"}],"about":[{"href":"https:\/\/www.filedoc.com\/es\/wp-json\/wp\/v2\/types\/page"}],"author":[{"embeddable":true,"href":"https:\/\/www.filedoc.com\/es\/wp-json\/wp\/v2\/users\/2"}],"replies":[{"embeddable":true,"href":"https:\/\/www.filedoc.com\/es\/wp-json\/wp\/v2\/comments?post=9554"}],"version-history":[{"count":4,"href":"https:\/\/www.filedoc.com\/es\/wp-json\/wp\/v2\/pages\/9554\/revisions"}],"predecessor-version":[{"id":9563,"href":"https:\/\/www.filedoc.com\/es\/wp-json\/wp\/v2\/pages\/9554\/revisions\/9563"}],"wp:attachment":[{"href":"https:\/\/www.filedoc.com\/es\/wp-json\/wp\/v2\/media?parent=9554"}],"curies":[{"name":"wp","href":"https:\/\/api.w.org\/{rel}","templated":true}]}}