{"id":8297,"date":"2024-10-14T21:44:51","date_gmt":"2024-10-14T20:44:51","guid":{"rendered":"https:\/\/www.filedoc.com\/?page_id=8297"},"modified":"2025-10-10T12:45:22","modified_gmt":"2025-10-10T11:45:22","slug":"procesamiento-inteligente-de-documentos-idp","status":"publish","type":"page","link":"https:\/\/www.filedoc.com\/es\/funcionalidades\/procesamiento-inteligente-de-documentos-idp\/","title":{"rendered":"Procesamiento inteligente de documentos \u2013 IDP"},"content":{"rendered":"<p>Las organizaciones lidian diariamente con grandes cantidades de documentos que var\u00edan en tipo, contenido o importancia.<br \/>\nGarantizar la clasificaci\u00f3n precisa de estos archivos puede volverse complejo, especialmente si se realiza manualmente.<br \/>\nLa clasificaci\u00f3n de documentos es el proceso de asignar documentos a categor\u00edas relevantes para facilitar su gesti\u00f3n y an\u00e1lisis.<\/p>\n","protected":false},"excerpt":{"rendered":"<p>Las organizaciones lidian diariamente con grandes cantidades de documentos que var\u00edan en tipo, contenido o importancia. Garantizar la clasificaci\u00f3n precisa de estos archivos puede volverse complejo, especialmente si se realiza manualmente. La clasificaci\u00f3n de documentos es el proceso de asignar documentos a categor\u00edas relevantes para facilitar su gesti\u00f3n y an\u00e1lisis.<\/p>\n","protected":false},"author":2,"featured_media":6329,"parent":6534,"menu_order":0,"comment_status":"closed","ping_status":"closed","template":"","meta":{"_acf_changed":false,"footnotes":""},"class_list":["post-8297","page","type-page","status-publish","has-post-thumbnail","hentry"],"acf":[],"aioseo_notices":[],"_links":{"self":[{"href":"https:\/\/www.filedoc.com\/es\/wp-json\/wp\/v2\/pages\/8297","targetHints":{"allow":["GET"]}}],"collection":[{"href":"https:\/\/www.filedoc.com\/es\/wp-json\/wp\/v2\/pages"}],"about":[{"href":"https:\/\/www.filedoc.com\/es\/wp-json\/wp\/v2\/types\/page"}],"author":[{"embeddable":true,"href":"https:\/\/www.filedoc.com\/es\/wp-json\/wp\/v2\/users\/2"}],"replies":[{"embeddable":true,"href":"https:\/\/www.filedoc.com\/es\/wp-json\/wp\/v2\/comments?post=8297"}],"version-history":[{"count":10,"href":"https:\/\/www.filedoc.com\/es\/wp-json\/wp\/v2\/pages\/8297\/revisions"}],"predecessor-version":[{"id":8973,"href":"https:\/\/www.filedoc.com\/es\/wp-json\/wp\/v2\/pages\/8297\/revisions\/8973"}],"up":[{"embeddable":true,"href":"https:\/\/www.filedoc.com\/es\/wp-json\/wp\/v2\/pages\/6534"}],"wp:featuredmedia":[{"embeddable":true,"href":"https:\/\/www.filedoc.com\/es\/wp-json\/wp\/v2\/media\/6329"}],"wp:attachment":[{"href":"https:\/\/www.filedoc.com\/es\/wp-json\/wp\/v2\/media?parent=8297"}],"curies":[{"name":"wp","href":"https:\/\/api.w.org\/{rel}","templated":true}]}}