{"id":7831,"date":"2024-10-11T16:04:49","date_gmt":"2024-10-11T15:04:49","guid":{"rendered":"https:\/\/www.filedoc.com\/?page_id=7831"},"modified":"2025-10-10T12:34:33","modified_gmt":"2025-10-10T11:34:33","slug":"grandes-empresas","status":"publish","type":"page","link":"https:\/\/www.filedoc.com\/es\/soluciones\/grandes-empresas\/","title":{"rendered":"Grandes Empresas"},"content":{"rendered":"<p>Filedoc es un software de gesti\u00f3n documental y workflow utilizado por diversas empresas de gran tama\u00f1o.<br \/>\nCon Filedoc, obtienes una poderosa herramienta tanto para la gesti\u00f3n de documentos como para la automatizaci\u00f3n de procesos, asegurando que la informaci\u00f3n fluya sin esfuerzo en toda tu organizaci\u00f3n, eliminando riesgos de seguridad, informaci\u00f3n perdida, documentos extraviados y tareas manuales repetitivas.<br \/>\nLos Workflows ayudan a las organizaciones a gestionar documentos y proporcionan directrices claras sobre la finalizaci\u00f3n de una tarea en el ciclo de vida de la gesti\u00f3n documental.<\/p>\n","protected":false},"excerpt":{"rendered":"<p>Filedoc es un software de gesti\u00f3n documental y workflow utilizado por diversas empresas de gran tama\u00f1o. Con Filedoc, obtienes una poderosa herramienta tanto para la gesti\u00f3n de documentos como para la automatizaci\u00f3n de procesos, asegurando que la informaci\u00f3n fluya sin esfuerzo en toda tu organizaci\u00f3n, eliminando riesgos de seguridad, informaci\u00f3n perdida, documentos extraviados y tareas [&hellip;]<\/p>\n","protected":false},"author":2,"featured_media":6345,"parent":6517,"menu_order":0,"comment_status":"closed","ping_status":"closed","template":"","meta":{"_acf_changed":false,"footnotes":""},"class_list":["post-7831","page","type-page","status-publish","has-post-thumbnail","hentry"],"acf":[],"aioseo_notices":[],"_links":{"self":[{"href":"https:\/\/www.filedoc.com\/es\/wp-json\/wp\/v2\/pages\/7831","targetHints":{"allow":["GET"]}}],"collection":[{"href":"https:\/\/www.filedoc.com\/es\/wp-json\/wp\/v2\/pages"}],"about":[{"href":"https:\/\/www.filedoc.com\/es\/wp-json\/wp\/v2\/types\/page"}],"author":[{"embeddable":true,"href":"https:\/\/www.filedoc.com\/es\/wp-json\/wp\/v2\/users\/2"}],"replies":[{"embeddable":true,"href":"https:\/\/www.filedoc.com\/es\/wp-json\/wp\/v2\/comments?post=7831"}],"version-history":[{"count":3,"href":"https:\/\/www.filedoc.com\/es\/wp-json\/wp\/v2\/pages\/7831\/revisions"}],"predecessor-version":[{"id":8965,"href":"https:\/\/www.filedoc.com\/es\/wp-json\/wp\/v2\/pages\/7831\/revisions\/8965"}],"up":[{"embeddable":true,"href":"https:\/\/www.filedoc.com\/es\/wp-json\/wp\/v2\/pages\/6517"}],"wp:featuredmedia":[{"embeddable":true,"href":"https:\/\/www.filedoc.com\/es\/wp-json\/wp\/v2\/media\/6345"}],"wp:attachment":[{"href":"https:\/\/www.filedoc.com\/es\/wp-json\/wp\/v2\/media?parent=7831"}],"curies":[{"name":"wp","href":"https:\/\/api.w.org\/{rel}","templated":true}]}}