{"id":7808,"date":"2024-10-11T15:08:45","date_gmt":"2024-10-11T14:08:45","guid":{"rendered":"https:\/\/www.filedoc.com\/?page_id=7808"},"modified":"2025-10-10T14:22:18","modified_gmt":"2025-10-10T13:22:18","slug":"la-madurez-de-las-organizaciones","status":"publish","type":"page","link":"https:\/\/www.filedoc.com\/es\/recursos\/la-madurez-de-las-organizaciones\/","title":{"rendered":"La madurez de las organizaciones"},"content":{"rendered":"<p>La madurez de las organizaciones en la desmaterializaci\u00f3n de procesos se refiere al nivel de adopci\u00f3n e integraci\u00f3n de soluciones digitales que eliminan el uso de papel y hacen los procesos m\u00e1s \u00e1giles, eficientes y transparentes. La desmaterializaci\u00f3n implica la transformaci\u00f3n de procesos tradicionales, basados en papel, a formatos digitales, lo que requiere la implementaci\u00f3n de tecnolog\u00edas como la digitalizaci\u00f3n de documentos, la automatizaci\u00f3n de flujos de trabajo y el uso de firmas digitales.<\/p>\n","protected":false},"excerpt":{"rendered":"<p>La madurez de las organizaciones en la desmaterializaci\u00f3n de procesos se refiere al nivel de adopci\u00f3n e integraci\u00f3n de soluciones digitales que eliminan el uso de papel y hacen los procesos m\u00e1s \u00e1giles, eficientes y transparentes. La desmaterializaci\u00f3n implica la transformaci\u00f3n de procesos tradicionales, basados en papel, a formatos digitales, lo que requiere la implementaci\u00f3n [&hellip;]<\/p>\n","protected":false},"author":2,"featured_media":6357,"parent":6539,"menu_order":0,"comment_status":"closed","ping_status":"closed","template":"","meta":{"_acf_changed":false,"footnotes":""},"class_list":["post-7808","page","type-page","status-publish","has-post-thumbnail","hentry"],"acf":[],"aioseo_notices":[],"_links":{"self":[{"href":"https:\/\/www.filedoc.com\/es\/wp-json\/wp\/v2\/pages\/7808","targetHints":{"allow":["GET"]}}],"collection":[{"href":"https:\/\/www.filedoc.com\/es\/wp-json\/wp\/v2\/pages"}],"about":[{"href":"https:\/\/www.filedoc.com\/es\/wp-json\/wp\/v2\/types\/page"}],"author":[{"embeddable":true,"href":"https:\/\/www.filedoc.com\/es\/wp-json\/wp\/v2\/users\/2"}],"replies":[{"embeddable":true,"href":"https:\/\/www.filedoc.com\/es\/wp-json\/wp\/v2\/comments?post=7808"}],"version-history":[{"count":7,"href":"https:\/\/www.filedoc.com\/es\/wp-json\/wp\/v2\/pages\/7808\/revisions"}],"predecessor-version":[{"id":8981,"href":"https:\/\/www.filedoc.com\/es\/wp-json\/wp\/v2\/pages\/7808\/revisions\/8981"}],"up":[{"embeddable":true,"href":"https:\/\/www.filedoc.com\/es\/wp-json\/wp\/v2\/pages\/6539"}],"wp:featuredmedia":[{"embeddable":true,"href":"https:\/\/www.filedoc.com\/es\/wp-json\/wp\/v2\/media\/6357"}],"wp:attachment":[{"href":"https:\/\/www.filedoc.com\/es\/wp-json\/wp\/v2\/media?parent=7808"}],"curies":[{"name":"wp","href":"https:\/\/api.w.org\/{rel}","templated":true}]}}