{"id":6541,"date":"2022-04-06T12:23:51","date_gmt":"2022-04-06T11:23:51","guid":{"rendered":"https:\/\/www.filedoc.com\/transformacao-digital\/desmaterializacao\/"},"modified":"2022-08-25T09:48:15","modified_gmt":"2022-08-25T08:48:15","slug":"desmaterializacion","status":"publish","type":"page","link":"https:\/\/www.filedoc.com\/es\/recursos\/desmaterializacion\/","title":{"rendered":"Desmaterializaci\u00f3n"},"content":{"rendered":"<p>La gesti\u00f3n empresarial hace que la innovaci\u00f3n sea una realidad en las organizaciones\/empresas, introduciendo nuevas tecnolog\u00edas y procesos de vanguardia, as\u00ed como llev\u00e1ndolas a un nuevo nivel de excelencia.<\/p>\n","protected":false},"excerpt":{"rendered":"<p>La gesti\u00f3n empresarial hace que la innovaci\u00f3n sea una realidad en las organizaciones\/empresas, introduciendo nuevas tecnolog\u00edas y procesos de vanguardia, as\u00ed como llev\u00e1ndolas a un nuevo nivel de excelencia.<\/p>\n","protected":false},"author":2,"featured_media":6325,"parent":6539,"menu_order":0,"comment_status":"closed","ping_status":"closed","template":"","meta":{"_acf_changed":false,"footnotes":""},"class_list":["post-6541","page","type-page","status-publish","has-post-thumbnail","hentry"],"acf":[],"aioseo_notices":[],"_links":{"self":[{"href":"https:\/\/www.filedoc.com\/es\/wp-json\/wp\/v2\/pages\/6541","targetHints":{"allow":["GET"]}}],"collection":[{"href":"https:\/\/www.filedoc.com\/es\/wp-json\/wp\/v2\/pages"}],"about":[{"href":"https:\/\/www.filedoc.com\/es\/wp-json\/wp\/v2\/types\/page"}],"author":[{"embeddable":true,"href":"https:\/\/www.filedoc.com\/es\/wp-json\/wp\/v2\/users\/2"}],"replies":[{"embeddable":true,"href":"https:\/\/www.filedoc.com\/es\/wp-json\/wp\/v2\/comments?post=6541"}],"version-history":[{"count":3,"href":"https:\/\/www.filedoc.com\/es\/wp-json\/wp\/v2\/pages\/6541\/revisions"}],"predecessor-version":[{"id":6575,"href":"https:\/\/www.filedoc.com\/es\/wp-json\/wp\/v2\/pages\/6541\/revisions\/6575"}],"up":[{"embeddable":true,"href":"https:\/\/www.filedoc.com\/es\/wp-json\/wp\/v2\/pages\/6539"}],"wp:featuredmedia":[{"embeddable":true,"href":"https:\/\/www.filedoc.com\/es\/wp-json\/wp\/v2\/media\/6325"}],"wp:attachment":[{"href":"https:\/\/www.filedoc.com\/es\/wp-json\/wp\/v2\/media?parent=6541"}],"curies":[{"name":"wp","href":"https:\/\/api.w.org\/{rel}","templated":true}]}}