{"id":6529,"date":"2022-04-12T09:37:49","date_gmt":"2022-04-12T08:37:49","guid":{"rendered":"https:\/\/www.filedoc.com\/a-plataforma\/seguranca-da-informacao\/"},"modified":"2022-08-25T09:44:34","modified_gmt":"2022-08-25T08:44:34","slug":"seguridad-de-la-informacion","status":"publish","type":"page","link":"https:\/\/www.filedoc.com\/es\/la-plataforma\/seguridad-de-la-informacion\/","title":{"rendered":"Seguridad de la informaci\u00f3n"},"content":{"rendered":"<p>El acceso a los documentos financieros, los contratos, la documentaci\u00f3n empresarial, los documentos de recursos humanos o la informaci\u00f3n confidencial se controla mediante un sistema de acceso s\u00f3lido y flexible. <\/p>\n","protected":false},"excerpt":{"rendered":"<p>El acceso a los documentos financieros, los contratos, la documentaci\u00f3n empresarial, los documentos de recursos humanos o la informaci\u00f3n confidencial se controla mediante un sistema de acceso s\u00f3lido y flexible.<\/p>\n","protected":false},"author":2,"featured_media":6339,"parent":6422,"menu_order":0,"comment_status":"closed","ping_status":"closed","template":"","meta":{"_acf_changed":false,"footnotes":""},"class_list":["post-6529","page","type-page","status-publish","has-post-thumbnail","hentry"],"acf":[],"aioseo_notices":[],"_links":{"self":[{"href":"https:\/\/www.filedoc.com\/es\/wp-json\/wp\/v2\/pages\/6529","targetHints":{"allow":["GET"]}}],"collection":[{"href":"https:\/\/www.filedoc.com\/es\/wp-json\/wp\/v2\/pages"}],"about":[{"href":"https:\/\/www.filedoc.com\/es\/wp-json\/wp\/v2\/types\/page"}],"author":[{"embeddable":true,"href":"https:\/\/www.filedoc.com\/es\/wp-json\/wp\/v2\/users\/2"}],"replies":[{"embeddable":true,"href":"https:\/\/www.filedoc.com\/es\/wp-json\/wp\/v2\/comments?post=6529"}],"version-history":[{"count":3,"href":"https:\/\/www.filedoc.com\/es\/wp-json\/wp\/v2\/pages\/6529\/revisions"}],"predecessor-version":[{"id":6564,"href":"https:\/\/www.filedoc.com\/es\/wp-json\/wp\/v2\/pages\/6529\/revisions\/6564"}],"up":[{"embeddable":true,"href":"https:\/\/www.filedoc.com\/es\/wp-json\/wp\/v2\/pages\/6422"}],"wp:featuredmedia":[{"embeddable":true,"href":"https:\/\/www.filedoc.com\/es\/wp-json\/wp\/v2\/media\/6339"}],"wp:attachment":[{"href":"https:\/\/www.filedoc.com\/es\/wp-json\/wp\/v2\/media?parent=6529"}],"curies":[{"name":"wp","href":"https:\/\/api.w.org\/{rel}","templated":true}]}}