{"id":6510,"date":"2021-07-30T13:07:52","date_gmt":"2021-07-30T12:07:52","guid":{"rendered":"https:\/\/www.filedoc.com\/contactos\/"},"modified":"2025-10-10T14:58:05","modified_gmt":"2025-10-10T13:58:05","slug":"contactos","status":"publish","type":"page","link":"https:\/\/www.filedoc.com\/es\/contactos\/","title":{"rendered":"Contacto"},"content":{"rendered":"<p>\u00bfTiene preguntas o quiere saber m\u00e1s? Estamos aqu\u00ed para ayudar. Filedoc Software est\u00e1 presente en varios pa\u00edses. Para conocer el contacto del representante en su ciudad o para obtener m\u00e1s informaci\u00f3n, p\u00f3ngase en contacto con nosotros.<\/p>\n","protected":false},"excerpt":{"rendered":"<p>\u00bfTiene preguntas o quiere saber m\u00e1s? Estamos aqu\u00ed para ayudar. Filedoc Software est\u00e1 presente en varios pa\u00edses. Para conocer el contacto del representante en su ciudad o para obtener m\u00e1s informaci\u00f3n, p\u00f3ngase en contacto con nosotros.<\/p>\n","protected":false},"author":2,"featured_media":6214,"parent":0,"menu_order":0,"comment_status":"closed","ping_status":"closed","template":"","meta":{"_acf_changed":false,"footnotes":""},"class_list":["post-6510","page","type-page","status-publish","has-post-thumbnail","hentry"],"acf":[],"aioseo_notices":[],"_links":{"self":[{"href":"https:\/\/www.filedoc.com\/es\/wp-json\/wp\/v2\/pages\/6510","targetHints":{"allow":["GET"]}}],"collection":[{"href":"https:\/\/www.filedoc.com\/es\/wp-json\/wp\/v2\/pages"}],"about":[{"href":"https:\/\/www.filedoc.com\/es\/wp-json\/wp\/v2\/types\/page"}],"author":[{"embeddable":true,"href":"https:\/\/www.filedoc.com\/es\/wp-json\/wp\/v2\/users\/2"}],"replies":[{"embeddable":true,"href":"https:\/\/www.filedoc.com\/es\/wp-json\/wp\/v2\/comments?post=6510"}],"version-history":[{"count":10,"href":"https:\/\/www.filedoc.com\/es\/wp-json\/wp\/v2\/pages\/6510\/revisions"}],"predecessor-version":[{"id":9001,"href":"https:\/\/www.filedoc.com\/es\/wp-json\/wp\/v2\/pages\/6510\/revisions\/9001"}],"wp:featuredmedia":[{"embeddable":true,"href":"https:\/\/www.filedoc.com\/es\/wp-json\/wp\/v2\/media\/6214"}],"wp:attachment":[{"href":"https:\/\/www.filedoc.com\/es\/wp-json\/wp\/v2\/media?parent=6510"}],"curies":[{"name":"wp","href":"https:\/\/api.w.org\/{rel}","templated":true}]}}