{"id":6497,"date":"2022-04-12T11:54:08","date_gmt":"2022-04-12T10:54:08","guid":{"rendered":"https:\/\/www.filedoc.com\/assinatura-eletronica\/"},"modified":"2025-11-06T10:33:01","modified_gmt":"2025-11-06T10:33:01","slug":"firmas-electronicas","status":"publish","type":"page","link":"https:\/\/www.filedoc.com\/es\/funcionalidades\/firmas-electronicas\/","title":{"rendered":"Firmas electr\u00f3nicas"},"content":{"rendered":"<p>Firmar documentos con una firma electr\u00f3nica le permite asegurarse de que son aut\u00e9nticos, legalmente v\u00e1lidos y que cumplen con todos los requisitos de seguridad. Con la desmaterializaci\u00f3n de los procesos, la firma electr\u00f3nica se ha convertido en una parte normal de la actividad empresarial cotidiana.<\/p>\n","protected":false},"excerpt":{"rendered":"<p>Firmar documentos con una firma electr\u00f3nica le permite asegurarse de que son aut\u00e9nticos, legalmente v\u00e1lidos y que cumplen con todos los requisitos de seguridad. Con la desmaterializaci\u00f3n de los procesos, la firma electr\u00f3nica se ha convertido en una parte normal de la actividad empresarial cotidiana.<\/p>\n","protected":false},"author":2,"featured_media":9222,"parent":6534,"menu_order":0,"comment_status":"closed","ping_status":"closed","template":"","meta":{"_acf_changed":false,"footnotes":""},"class_list":["post-6497","page","type-page","status-publish","has-post-thumbnail","hentry"],"acf":[],"aioseo_notices":[],"_links":{"self":[{"href":"https:\/\/www.filedoc.com\/es\/wp-json\/wp\/v2\/pages\/6497","targetHints":{"allow":["GET"]}}],"collection":[{"href":"https:\/\/www.filedoc.com\/es\/wp-json\/wp\/v2\/pages"}],"about":[{"href":"https:\/\/www.filedoc.com\/es\/wp-json\/wp\/v2\/types\/page"}],"author":[{"embeddable":true,"href":"https:\/\/www.filedoc.com\/es\/wp-json\/wp\/v2\/users\/2"}],"replies":[{"embeddable":true,"href":"https:\/\/www.filedoc.com\/es\/wp-json\/wp\/v2\/comments?post=6497"}],"version-history":[{"count":5,"href":"https:\/\/www.filedoc.com\/es\/wp-json\/wp\/v2\/pages\/6497\/revisions"}],"predecessor-version":[{"id":9570,"href":"https:\/\/www.filedoc.com\/es\/wp-json\/wp\/v2\/pages\/6497\/revisions\/9570"}],"up":[{"embeddable":true,"href":"https:\/\/www.filedoc.com\/es\/wp-json\/wp\/v2\/pages\/6534"}],"wp:featuredmedia":[{"embeddable":true,"href":"https:\/\/www.filedoc.com\/es\/wp-json\/wp\/v2\/media\/9222"}],"wp:attachment":[{"href":"https:\/\/www.filedoc.com\/es\/wp-json\/wp\/v2\/media?parent=6497"}],"curies":[{"name":"wp","href":"https:\/\/api.w.org\/{rel}","templated":true}]}}