{"id":6492,"date":"2022-04-12T11:41:04","date_gmt":"2022-04-12T10:41:04","guid":{"rendered":"https:\/\/www.filedoc.com\/gestao-de-tarefas-pendentes\/"},"modified":"2025-11-06T10:30:51","modified_gmt":"2025-11-06T10:30:51","slug":"gestion-de-tareas-pendientes","status":"publish","type":"page","link":"https:\/\/www.filedoc.com\/es\/funcionalidades\/gestion-de-tareas-pendientes\/","title":{"rendered":"Gesti\u00f3n de tareas pendientes"},"content":{"rendered":"<p>Evite olvidarse de las tareas o de una fecha l\u00edmite utilizando las capacidades de automatizaci\u00f3n de Filedoc para gestionar su d\u00eda a d\u00eda. En los pendientes, puede ver sus tareas agrupadas seg\u00fan varios criterios o permitir que el usuario establezca sus propios filtros.<\/p>\n","protected":false},"excerpt":{"rendered":"<p>Evite olvidarse de las tareas o de una fecha l\u00edmite utilizando las capacidades de automatizaci\u00f3n de Filedoc para gestionar su d\u00eda a d\u00eda. En los pendientes, puede ver sus tareas agrupadas seg\u00fan varios criterios o permitir que el usuario establezca sus propios filtros.<\/p>\n","protected":false},"author":2,"featured_media":9189,"parent":6534,"menu_order":0,"comment_status":"closed","ping_status":"closed","template":"","meta":{"_acf_changed":false,"footnotes":""},"class_list":["post-6492","page","type-page","status-publish","has-post-thumbnail","hentry"],"acf":[],"aioseo_notices":[],"_links":{"self":[{"href":"https:\/\/www.filedoc.com\/es\/wp-json\/wp\/v2\/pages\/6492","targetHints":{"allow":["GET"]}}],"collection":[{"href":"https:\/\/www.filedoc.com\/es\/wp-json\/wp\/v2\/pages"}],"about":[{"href":"https:\/\/www.filedoc.com\/es\/wp-json\/wp\/v2\/types\/page"}],"author":[{"embeddable":true,"href":"https:\/\/www.filedoc.com\/es\/wp-json\/wp\/v2\/users\/2"}],"replies":[{"embeddable":true,"href":"https:\/\/www.filedoc.com\/es\/wp-json\/wp\/v2\/comments?post=6492"}],"version-history":[{"count":3,"href":"https:\/\/www.filedoc.com\/es\/wp-json\/wp\/v2\/pages\/6492\/revisions"}],"predecessor-version":[{"id":9568,"href":"https:\/\/www.filedoc.com\/es\/wp-json\/wp\/v2\/pages\/6492\/revisions\/9568"}],"up":[{"embeddable":true,"href":"https:\/\/www.filedoc.com\/es\/wp-json\/wp\/v2\/pages\/6534"}],"wp:featuredmedia":[{"embeddable":true,"href":"https:\/\/www.filedoc.com\/es\/wp-json\/wp\/v2\/media\/9189"}],"wp:attachment":[{"href":"https:\/\/www.filedoc.com\/es\/wp-json\/wp\/v2\/media?parent=6492"}],"curies":[{"name":"wp","href":"https:\/\/api.w.org\/{rel}","templated":true}]}}