{"id":6489,"date":"2022-04-12T10:39:03","date_gmt":"2022-04-12T09:39:03","guid":{"rendered":"https:\/\/www.filedoc.com\/gestor-de-workflows\/"},"modified":"2022-08-25T09:42:04","modified_gmt":"2022-08-25T08:42:04","slug":"gestor-de-workflows","status":"publish","type":"page","link":"https:\/\/www.filedoc.com\/es\/funcionalidades\/gestor-de-workflows\/","title":{"rendered":"Gestor de Workflows"},"content":{"rendered":"<p>Todas las empresas gestionan su negocio bas\u00e1ndose en procesos. Los departamentos de ventas, recursos humanos, finanzas, compras, jur\u00eddico y otros necesitan compartir y acceder a la informaci\u00f3n de forma r\u00e1pida y eficaz para poder tomar las decisiones adecuadas en el momento oportuno.<\/p>\n","protected":false},"excerpt":{"rendered":"<p>Todas las empresas gestionan su negocio bas\u00e1ndose en procesos. Los departamentos de ventas, recursos humanos, finanzas, compras, jur\u00eddico y otros necesitan compartir y acceder a la informaci\u00f3n de forma r\u00e1pida y eficaz para poder tomar las decisiones adecuadas en el momento oportuno.<\/p>\n","protected":false},"author":2,"featured_media":6334,"parent":6534,"menu_order":0,"comment_status":"closed","ping_status":"closed","template":"","meta":{"_acf_changed":false,"footnotes":""},"class_list":["post-6489","page","type-page","status-publish","has-post-thumbnail","hentry"],"acf":[],"aioseo_notices":[],"_links":{"self":[{"href":"https:\/\/www.filedoc.com\/es\/wp-json\/wp\/v2\/pages\/6489","targetHints":{"allow":["GET"]}}],"collection":[{"href":"https:\/\/www.filedoc.com\/es\/wp-json\/wp\/v2\/pages"}],"about":[{"href":"https:\/\/www.filedoc.com\/es\/wp-json\/wp\/v2\/types\/page"}],"author":[{"embeddable":true,"href":"https:\/\/www.filedoc.com\/es\/wp-json\/wp\/v2\/users\/2"}],"replies":[{"embeddable":true,"href":"https:\/\/www.filedoc.com\/es\/wp-json\/wp\/v2\/comments?post=6489"}],"version-history":[{"count":3,"href":"https:\/\/www.filedoc.com\/es\/wp-json\/wp\/v2\/pages\/6489\/revisions"}],"predecessor-version":[{"id":6554,"href":"https:\/\/www.filedoc.com\/es\/wp-json\/wp\/v2\/pages\/6489\/revisions\/6554"}],"up":[{"embeddable":true,"href":"https:\/\/www.filedoc.com\/es\/wp-json\/wp\/v2\/pages\/6534"}],"wp:featuredmedia":[{"embeddable":true,"href":"https:\/\/www.filedoc.com\/es\/wp-json\/wp\/v2\/media\/6334"}],"wp:attachment":[{"href":"https:\/\/www.filedoc.com\/es\/wp-json\/wp\/v2\/media?parent=6489"}],"curies":[{"name":"wp","href":"https:\/\/api.w.org\/{rel}","templated":true}]}}